{"id":630,"date":"2016-09-27T10:51:18","date_gmt":"2016-09-27T08:51:18","guid":{"rendered":"http:\/\/toniquesada.org\/ca\/aviso-legal\/"},"modified":"2019-07-08T16:31:18","modified_gmt":"2019-07-08T14:31:18","slug":"avis-legal","status":"publish","type":"page","link":"https:\/\/toniquesada.org\/ca\/avis-legal\/","title":{"rendered":"Av\u00eds legal"},"content":{"rendered":"<p>[vc_row][vc_column][vc_column_text]<\/p>\n<h4>AV\u00cdS LEGAL<\/h4>\n<p style=\"text-align: justify;\">En compliment de la llei 34\/2002 de serveis de la societat de la informaci\u00f3 i de comer\u00e7 electr\u00f2nic, li informem que aquesta p\u00e0gina web \u00e9s propietat de Punt Natura 7, S.L., amb domicili al c\/ Marti i Julia, 1 i 3 &#8211; 08242 Manresa (Barcelona) &#8211; SPAIN, amb C.I.F. B63434120.<\/p>\n<p style=\"text-align: justify;\">Aquesta web es regeix per la normativa aplicable exclusivament dins de l\u2019estat espanyol, quedant sotmesos a ella, tant els nacionals com els estrangers que la utilitzin.<\/p>\n<p style=\"text-align: justify;\">L\u2019acc\u00e9s a la nostra web per part de l\u2019USUARI \u00e9s gratu\u00eft i est\u00e0 condicionat a la pr\u00e8via lectura i acceptaci\u00f3 integra, expressa i sense reserves de les presents CONDICIONS GENERALS D\u2019\u00daS vigents al moment de l\u2019acc\u00e9s, que preguem llegeixi detingudament. L\u2019USUARI en el moment que utilitza la nostra web, els seus continguts o serveis, accepta i se sotmet expressament a les condicions generals d\u2019\u00fas de la mateixa. Si l\u2019USUARI no estigu\u00e9s d\u2019acord amb les condicions d\u2019\u00fas vigents, haur\u00e0 d\u2019abstenir-se d\u2019utilitzar aquesta web i operar per mitj\u00e0 de la mateixa.<\/p>\n<p style=\"text-align: justify;\">En qualsevol moment podrem modificar la presentaci\u00f3 i configuraci\u00f3 d\u2019aquesta web, ampliar o reduir serveis, i fins i tot suprimir-la de la Xarxa, aix\u00ed com els serveis i continguts prestats, tot aix\u00f2 de forma unilateral i sense previ av\u00eds.<\/p>\n<p><strong>A. PROPIETAT INTEL\u00b7LECTUAL<\/strong><\/p>\n<p style=\"text-align: justify;\">Tots els continguts, textos, imatges, i codis font s\u00f3n propietat de Punt Natura 7, S.L. o de tercers als quals s\u2019han adquirit els seus drets d\u2019explotaci\u00f3 i estan protegits pels drets de Propietat Intel\u00b7lectual i Industrial.<\/p>\n<p style=\"text-align: justify;\">L\u2019USUARI \u00fanicament t\u00e9 dret a un \u00fas privat dels mateixos, sense \u00e0nim de lucre, i necessita autoritzaci\u00f3 expressa de Punt Natura 7, S.L. i\/o el titular dels drets, per modificar-los, reproduir-los, explotar-los, distribuir-los o qualsevol dret pertanyent al seu titular.<\/p>\n<p style=\"text-align: justify;\">L\u2019establiment d\u2019enlla\u00e7os a la nostra web no confereix cap dret sobre la mateixa i s\u2019autoritzen exclusivament per permetre l\u2019acc\u00e9s a la nostra web, quedant prohibida en altres p\u00e0gines la reproducci\u00f3 total o parcial de les imatges i\/o continguts de la nostra web. Aix\u00ed mateix, el simple fet d\u2019establir un enlla\u00e7 a la nostra web no d\u00f3na dret a atorgar-ne la categoria de col\u00b7laborador o soci de Punt Natura 7, S.L.<\/p>\n<p style=\"text-align: justify;\">Est\u00e0 absolutament prohibida la imitaci\u00f3 ja sigui total o parcial de la nostra web.<\/p>\n<p><strong>B. CONDICIONS D\u2019ACC\u00c9S<\/strong><\/p>\n<p style=\"text-align: justify;\">L\u2019acc\u00e9s a la nostra web \u00e9s gratu\u00eft i no exigeix pr\u00e8via subscripci\u00f3 o registre. No obstant aix\u00f2, Punt Natura 7, S.L. es reserva el dret d\u2019oferir serveis que requereixin el registre previ de l\u2019USUARI. En tot cas, aquests serveis quedaran degudament identificats a la web, amb f\u00e0cils indicacions per al seu registre.<\/p>\n<p style=\"text-align: justify;\">L\u2019USUARI ha d\u2019accedir a la nostra web conforme a la bona fe, les normes d\u2019ordre p\u00fablic i les presents Condicions Generals d\u2019\u00fas. L\u2019acc\u00e9s al nostre lloc web es realitza sota la pr\u00f2pia i exclusiva responsabilitat de l\u2019USUARI, que respondr\u00e0 en tot cas dels danys i perjudicis que pugui causar a tercers o a nosaltres mateixos.<\/p>\n<p style=\"text-align: justify;\">L\u2019USUARI t\u00e9 expressament prohibit la utilitzaci\u00f3 i obtenci\u00f3 dels serveis i continguts oferts en la present web, per procediments diferents als estipulats en les presents condicions d\u2019\u00fas, i si escau en les condicions particulars que regulin l\u2019adquisici\u00f3 de determinats serveis.<\/p>\n<p style=\"text-align: justify;\">Tenint en compte la impossibilitat de control respecte a la informaci\u00f3, continguts i serveis que continguin unes altres websites als quals es pugui accedir a trav\u00e9s dels enlla\u00e7os que la nostra web posa a la seva disposici\u00f3, li comuniquem que Punt Natura 7, S.L. queda eximida de qualsevol responsabilitat pels danys i perjudicis de tota classe, que poguessin derivar per la utilitzaci\u00f3 d\u2019aquestes p\u00e0gines web alienes a la nostra per part de l\u2019USUARI. Punt Natura 7, S.L. es reserva el dret d\u2019exercitar les accions legals oportunes contra aquells USUARIS que vulnerin les presents condicions generals d\u2019\u00fas, acceptant l\u2019USUARI que la no iniciaci\u00f3 d\u2019aquestes accions no constitueix una ren\u00fancia formal a les mateixes, romanent aquestes vigents fins als terminis de prescripci\u00f3 de les infraccions.<\/p>\n<p><strong>C. PROTECCI\u00d3 DE DADES PERSONALS<\/strong><\/p>\n<p style=\"text-align: justify;\">La confidencialitat, el secret professional i la seguretat s\u00f3n valors primordials de Punt Natura 7, S.L., que assumeix el comprom\u00eds de garantir la privadesa de l\u2019USUARI en tot moment i en totes les interaccions amb aquell. Punt Natura 7, S.L. tamb\u00e9 el comprom\u00eds de no recaptar informaci\u00f3 innecess\u00e0ria sobre l\u2019USUARI. Aix\u00ed mateix, ens comprometem a tractar amb extrema dilig\u00e8ncia la informaci\u00f3 personal que l\u2019USUARI pugui facilitar a trav\u00e9s de la nostra web.<\/p>\n<p style=\"text-align: justify;\">De conformitat amb la Llei Org\u00e0nica 15\/1999 de Protecci\u00f3 de Dades de Car\u00e0cter Personal (LOPD), i Reial decret 1720\/2007 de desenvolupament de la LOPD, li informem que la utilitzaci\u00f3 de determinats serveis a la nostra web, requereix que ens faciliti determinades dades personals a trav\u00e9s de formularis de registre o mitjan\u00e7ant l\u2019enviament de missatges de correu electr\u00f2nic, i que aquests seran objecte de tractament i incorporats als fitxers de Punt Natura 7, S.L. titular i responsable dels mateixos. L\u2019enviament referit de les dades personals constitueix el consentiment expr\u00e9s al tractament dels mateixos, si b\u00e9 de car\u00e0cter revocable i sense efectes retroactius.<\/p>\n<p style=\"text-align: justify;\">Aix\u00ed mateix li informem que tots els nostres fitxers es troben legalment inscrits en el Registre General de Dades Personals de l\u2019Ag\u00e8ncia Espanyola de Protecci\u00f3 de Dades, aix\u00ed com que, per salvaguardar la seguretat de les seves dades personals, s\u2019aplicaran les mesures de seguretat t\u00e8cniques i organitzatives exigides en el Reial decret 1720\/2007 que regula el reglament de mesures de seguretat dels fitxers que continguin dades de car\u00e0cter personal.<\/p>\n<p><strong>\u00daS DE LES SEVES DADES PERSONALS<\/strong><\/p>\n<p style=\"text-align: justify;\">Les dades que li sol\u00b7licitem s\u00f3n les adequades, pertinents i estrictament necess\u00e0ries per la finalitat per la qual es recullen, i en cap cas est\u00e0 obligat a facilitar-nos-les. Aix\u00ed mateix, ens certifica que totes les dades que ens facilita s\u00f3n certes i pertinents per la finalitat per la qual els hi sol\u00b7licitem. La nostra web, recull les seves dades personals mitjan\u00e7ant la recepci\u00f3 de diversos formularis i a trav\u00e9s del correu electr\u00f2nic on pot sol\u00b7licitar-nos qualsevol tipus d\u2019informaci\u00f3, aclariment o dubte. L\u2019enviament dels mateixos implica la seva autoritzaci\u00f3 a incorporar-los als nostres fitxers corresponents, si Punt Natura 7, S.L. ho considera convenient, i aquests estaran regulats per les presents pol\u00edtiques de privadesa. Les seves dades seran incorporades als nostres fitxers de tractament de dades.<\/p>\n<p style=\"text-align: justify;\">Punt Natura 7, S.L., es reserva el dret de decidir la incorporaci\u00f3 o no de les seves dades personals als seus fitxers.<\/p>\n<p><strong>DRETS D\u2019ACC\u00c9S, RECTIFICACI\u00d3, CANCEL\u00b7LACI\u00d3 DE LES SEVES DADES PERSONALS<\/strong><\/p>\n<p style=\"text-align: justify;\">En qualsevol moment pot oposar-se als nostres enviaments comercials, aix\u00ed com exercir els seus drets d\u2019acc\u00e9s, rectificaci\u00f3 i cancel\u00b7laci\u00f3 en els termes establerts legalment, podent dirigir-se a: Punt Natura 7, S.L. \u2013 c\/ Marti i Julia, 1 i 3 &#8211; 08242 Manresa (Barcelona) &#8211; SPAIN.<\/p>\n<p><strong>COMUNICACIONS DE DADES<\/strong><\/p>\n<p style=\"text-align: justify;\">Punt Natura 7, S.L. li informa que les seves dades s\u00f3n tractades confidencialment i s\u00f3n utilitzats exclusivament de manera interna i per a les finalitats indicades. Per tant, no cedim ni comuniquem a cap tercer les seves dades, excepte en els casos legalment previstos, o que l\u2019USUARI ens autoritzi expressament.<\/p>\n<p><strong>SEGURETAT DE LES SEVES DADES PERSONALS<\/strong><\/p>\n<p style=\"text-align: justify;\">Amb l\u2019objectiu de salvaguardar la seguretat de les seves dades personals, li informem que Punt Natura 7, S.L. ha adoptat totes les mesures t\u00e8cniques i organitzatives necess\u00e0ries per garantir la seguretat de les dades personals subministrades, de la seva alteraci\u00f3, p\u00e8rdua, i tractaments o accessos no autoritzats, tal com exigeix el Reial Decret 1720\/2007 que regula el reglament de mesures de seguretat dels fitxers que continguin dades de car\u00e0cter personal.<\/p>\n<p><strong>ACTUALITZACI\u00d3 DE LES SEVES DADES<\/strong><\/p>\n<p style=\"text-align: justify;\">\u00c9s important que, perqu\u00e8 puguem mantenir les seves dades personals actualitzades, ens informi sempre que hi hagi hagut alguna modificaci\u00f3 en elles, en cas contrari, no responem de la veracitat de les mateixes.<\/p>\n<p style=\"text-align: justify;\">Considerem que si no cancel\u00b7la les seves dades personals expressament dels nostres fitxers, continua interessat a seguir incorporat als mateixos fins que Punt Natura 7, S.L. ho consideri oport\u00fa i mentre sigui adequat a la finalitat per la qual es van obtenir. Punt Natura 7, S.L., no es fa responsable de la pol\u00edtica de privadesa respecte a les dades personals que pugui facilitar a tercers per mitj\u00e0 dels enlla\u00e7os disponibles a la nostra web.<\/p>\n<p style=\"text-align: justify;\">Punt Natura 7, S.L. pot modificar les presents pol\u00edtiques de privadesa per adaptar-les a les modificacions que es produeixin a la nostra web, aix\u00ed com modificacions legislatives o jurisprudencials sobre dades personals que vagin apareixent, per la qual cosa exigeix la seva lectura, cada vegada que ens faciliti les seves dades a trav\u00e9s d\u2019aquesta web.<\/p>\n<p><strong>D. RESPONSABILITATS<\/strong><\/p>\n<p style=\"text-align: justify;\">Al posar a disposici\u00f3 de l\u2019USUARI aquesta web volem oferir-li una s\u00e8rie de continguts i serveis de qualitat, utilitzant la m\u00e0xima dilig\u00e8ncia en la prestaci\u00f3 dels mateixos aix\u00ed com en els mitjans tecnol\u00f2gics utilitzats. No obstant aix\u00f2, no respondrem de la pres\u00e8ncia de virus i altres elements que d\u2019alguna manera puguin malmetre el sistema inform\u00e0tic de l\u2019USUARI.<\/p>\n<p style=\"text-align: justify;\">L\u2019USUARI t\u00e9 prohibit qualsevol tipus d\u2019acci\u00f3 sobre la nostra web que origini una sobrec\u00e0rrega als nostres sistemes inform\u00e0tics, aix\u00ed com la introducci\u00f3 de virus, instal\u00b7laci\u00f3 de robots o de programari que alteri el normal funcionament de la nostra web, o en definitiva pugui causar danys als nostres sistemes inform\u00e0tics.<\/p>\n<p style=\"text-align: justify;\">L\u2019USUARI assumeix tota la responsabilitat derivada de l\u2019\u00fas de la nostra web, sent l\u2019\u00fanic responsable de tot efecte directe o indirecte que sobre la web es derivi, incloent, de forma enunciativa i no limitada, tot resultat econ\u00f2mic, t\u00e8cnic i\/o jur\u00eddic advers, aix\u00ed com la defraudaci\u00f3 de les expectatives generades pel nostre portal, obligant-se l\u2019USUARI a mantenir indemne a Punt Natura 7, S.L. per qualsevol reclamaci\u00f3 derivada, directa o indirectament de tals fets.<\/p>\n<p style=\"text-align: justify;\">Punt Natura 7, S.L. queda exonerado de responsabilidad por cualquier reclamaci\u00f3n respecto a los derechos de propiedad intelectual de los art\u00edculos e im\u00e1genes publicadas en su portal, as\u00ed como, no garantiza la exactitud, veracidad y vigencia de los contenidos de esta web, ya sean propios, de terceros, o enlazables a otras web sites, quedando totalmente exonerada de cualquier responsabilidad derivada del uso de la mismos.<\/p>\n<p style=\"text-align: justify;\">Punt Natura 7, S.L. queda exonerat de responsabilitat per qualsevol reclamaci\u00f3 respecte als drets de propietat intel\u00b7lectual dels articles i imatges publicades al seu portal, aix\u00ed com, no garanteix l\u2019exactitud, veracitat i vig\u00e8ncia dels continguts d\u2019aquesta web, ja siguin propis, de tercers, o enlla\u00e7ables a altres web sites, quedant totalment exonerada de qualsevol responsabilitat derivada de l\u2019\u00fas dels mateixos.<\/p>\n<p style=\"text-align: justify;\">L\u2019USUARI reconeix que ha ent\u00e8s tota la informaci\u00f3 respecte a les condicions d\u2019\u00fas del nostre portal, i reconeix que s\u00f3n suficients per a l\u2019exclusi\u00f3 de l\u2019error en les mateixes, i per tant, les accepta integra i expressament.<\/p>\n<p style=\"text-align: justify;\">L\u2019USUARI \u00e9s plenament conscient que la mera navegaci\u00f3 per la present web, aix\u00ed com la utilitzaci\u00f3 dels seus serveis, implica l\u2019acceptaci\u00f3 de les presents condicions d\u2019\u00fas.<\/p>\n<p style=\"text-align: justify;\">Tot el referent a la nostra web, es regeix exclusivament per les lleis espanyoles. En el cas que es produeixi qualsevol tipus de discrep\u00e0ncia o difer\u00e8ncia entre les parts en relaci\u00f3 amb la interpretaci\u00f3 i contingut de la present web, totes les parts se sotmeten, amb ren\u00fancia expressa a qualsevol altre fur, als Jutjats i Tribunals de Barcelona.<\/p>\n<p><strong>R. GOOGLE ANALYTICS<\/strong><\/p>\n<p style=\"text-align: justify;\">Aquesta p\u00e0gina web utilitza Google Analytics, un servei anal\u00edtic de web prestat per Google Inc., l\u2019oficina principal del qual est\u00e0 a 1600 Amphitheatre Parkway, Mountain View (Calif\u00f2rnia), CA 94043, Estats Units (\u201cGoogle\u201d).<\/p>\n<p style=\"text-align: justify;\">Google Analytics utilitza cookies, que s\u00f3n arxius de text situats en el seu ordinador, per ajudar al website a analitzar l\u2019\u00fas que fan els usuaris del lloc web.<\/p>\n<p style=\"text-align: justify;\">La informaci\u00f3 que genera la cookie sobre el seu \u00fas del website (incloent la seva adre\u00e7a IP) ser\u00e0 directament transmesa i arxivada per Google en els servidors d\u2019Estats Units.<\/p>\n<p style=\"text-align: justify;\">Google utilitzar\u00e0 aquesta informaci\u00f3 per compte nostre amb el prop\u00f2sit de seguir la pista del seu \u00fas del website, recopilant informes de l\u2019activitat del website i prestant altres serveis relacionats amb l\u2019activitat del website i l\u2019\u00fas d\u2019Internet.<\/p>\n<p style=\"text-align: justify;\">Google podr\u00e0 transmetre aquesta informaci\u00f3 a tercers quan aix\u00ed l\u2019hi requereixi la legislaci\u00f3, o quan aquests tercers processin la informaci\u00f3 per compte de Google.<\/p>\n<p style=\"text-align: justify;\">Google no associar\u00e0 la seva adre\u00e7a IP amb cap altra dada del que disposi Google.<\/p>\n<p style=\"text-align: justify;\">Aquesta web pot fer \u00fas de \u201ctracking tags\u201d en determinades p\u00e0gines per a mesurament i optimitzaci\u00f3 de campanyes de m\u00e0rqueting de resultats, no emmagatzemant-ne en cap cas, informaci\u00f3 personal de l\u2019usuari.<\/p>\n<p style=\"text-align: justify;\">L\u2019USUARI pot rebutjar el tractament de les dades o la informaci\u00f3 rebutjant l\u2019\u00fas de cookies mitjan\u00e7ant la selecci\u00f3 de la configuraci\u00f3 apropiada del seu navegador, no obstant aix\u00f2, ha de saber, que si ho fa, pot ser que no pugui fer servir la plena funcionalitat d\u2019aquesta web. En utilitzar aquesta web l\u2019USUARI dona el seu consentiment al tractament d\u2019aquesta informaci\u00f3 per Google, en la forma i per a les finalitats a dalt indicades.<\/p>\n<p><strong>AV\u00cdS M\u00c8DIC<\/strong><\/p>\n<p style=\"text-align: justify;\">El contingut i els consells d&#8217;aquest lloc web no substitueixen en cap cas a l&#8217;apropiada assist\u00e8ncia m\u00e8dica, legal, financera o psicol\u00f2gica. Aix\u00ed doncs, acceptes que el contingut del mateix est\u00e0 subjecte a la teva pr\u00f2pia interpretaci\u00f3 i \u00fas<\/p>\n<p style=\"text-align: justify;\">La informaci\u00f3 aqu\u00ed continguda aix\u00ed com qualsevol consulta online que es pugui realitzar, en cap cas vol suplir la consulta a un metge. Les persones que assessoren no es poden fer responsables de les possibles conseq\u00fc\u00e8ncies derivades de l&#8217;\u00fas de plantes i remeis. \u00c9s responsabilitat de l&#8217;usuari la correcta administraci\u00f3 de les nostres recomanacions.<\/p>\n<p>[\/vc_column_text][\/vc_column][\/vc_row][vc_row][vc_column]<div id=\"ult-carousel-73097820169f4f66c714ad\" class=\"ult-carousel-wrapper   ult_horizontal\" data-gutter=\"15\" data-rtl=\"false\" ><div class=\"ult-carousel-3516577669f4f66c71415 \" ><\/div><\/div>            <script type=\"text\/javascript\">\r\n\t\t\t\tjQuery(document).ready(function($){\r\n               \t\t$('.ult-carousel-3516577669f4f66c71415').slick({dots: true,autoplay: true,autoplaySpeed: 5000,speed: 300,infinite: true,arrows: true,nextArrow: '<button type=\"button\" style=\"color:#333333; font-size:20px;\" class=\"slick-next default\"><i class=\"ultsl-arrow-right4\"><\/i><\/button>',prevArrow: '<button type=\"button\" style=\"color:#333333; font-size:20px;\" class=\"slick-prev default\"><i class=\"ultsl-arrow-left4\"><\/i><\/button>',slidesToScroll:5,slidesToShow:5,swipe: true,draggable: true,touchMove: true,responsive: [\r\n\t\t\t\t\t\t\t{\r\n\t\t\t\t\t\t\t  breakpoint: 1025,\r\n\t\t\t\t\t\t\t  settings: {\r\n\t\t\t\t\t\t\t\tslidesToShow: 5,\r\n\t\t\t\t\t\t\t\tslidesToScroll: 5,  \r\n\t\t\t\t\t\t\t  }\r\n\t\t\t\t\t\t\t},\r\n\t\t\t\t\t\t\t{\r\n\t\t\t\t\t\t\t  breakpoint: 769,\r\n\t\t\t\t\t\t\t  settings: {\r\n\t\t\t\t\t\t\t\tslidesToShow: 3,\r\n\t\t\t\t\t\t\t\tslidesToScroll: 3\r\n\t\t\t\t\t\t\t  }\r\n\t\t\t\t\t\t\t},\r\n\t\t\t\t\t\t\t{\r\n\t\t\t\t\t\t\t  breakpoint: 481,\r\n\t\t\t\t\t\t\t  settings: {\r\n\t\t\t\t\t\t\t\tslidesToShow: 2,\r\n\t\t\t\t\t\t\t\tslidesToScroll: 2\r\n\t\t\t\t\t\t\t  }\r\n\t\t\t\t\t\t\t}\r\n\t\t\t\t\t\t],pauseOnHover: true,\r\n\t\t\t\t\t\tpauseOnDotsHover: true,customPaging: function(slider, i) {\r\n                   return '<i type=\"button\" style=\"color:#333333;\" class=\"ultsl-record\" data-role=\"none\"><\/i>';\r\n                },});\r\n\t\t\t\t});\r\n\t\t\t<\/script>\r\n            [\/vc_column][\/vc_row]<\/p>\n","protected":false},"excerpt":{"rendered":"<p>[vc_row][vc_column][vc_column_text] AV\u00cdS LEGAL En compliment de la llei 34\/2002 de serveis de la societat de la informaci\u00f3 i de comer\u00e7 electr\u00f2nic, li informem que aquesta p\u00e0gina web \u00e9s propietat de Punt Natura 7, S.L., amb domicili al c\/ Marti i Julia, 1 i 3 &#8211; 08242 Manresa (Barcelona) &#8211; SPAIN, amb C.I.F. B63434120. Aquesta web&hellip;<\/p>\n","protected":false},"author":1,"featured_media":0,"parent":0,"menu_order":0,"comment_status":"closed","ping_status":"closed","template":"","meta":[],"_links":{"self":[{"href":"https:\/\/toniquesada.org\/ca\/wp-json\/wp\/v2\/pages\/630"}],"collection":[{"href":"https:\/\/toniquesada.org\/ca\/wp-json\/wp\/v2\/pages"}],"about":[{"href":"https:\/\/toniquesada.org\/ca\/wp-json\/wp\/v2\/types\/page"}],"author":[{"embeddable":true,"href":"https:\/\/toniquesada.org\/ca\/wp-json\/wp\/v2\/users\/1"}],"replies":[{"embeddable":true,"href":"https:\/\/toniquesada.org\/ca\/wp-json\/wp\/v2\/comments?post=630"}],"version-history":[{"count":3,"href":"https:\/\/toniquesada.org\/ca\/wp-json\/wp\/v2\/pages\/630\/revisions"}],"predecessor-version":[{"id":4051,"href":"https:\/\/toniquesada.org\/ca\/wp-json\/wp\/v2\/pages\/630\/revisions\/4051"}],"wp:attachment":[{"href":"https:\/\/toniquesada.org\/ca\/wp-json\/wp\/v2\/media?parent=630"}],"curies":[{"name":"wp","href":"https:\/\/api.w.org\/{rel}","templated":true}]}}