{"id":627,"date":"2016-09-27T11:18:40","date_gmt":"2016-09-27T09:18:40","guid":{"rendered":"http:\/\/toniquesada.org\/ca\/informacion-sobre-cookies\/"},"modified":"2016-12-01T17:52:25","modified_gmt":"2016-12-01T16:52:25","slug":"informacio-sobre-cookies","status":"publish","type":"page","link":"https:\/\/toniquesada.org\/ca\/informacio-sobre-cookies\/","title":{"rendered":"Informaci\u00f3 sobre Cookies"},"content":{"rendered":"<p>[vc_row][vc_column][vc_column_text]<\/p>\n<h3>\u00das de cookies<\/h3>\n<p style=\"text-align: justify;\">En el nostre lloc web utilitzem cookies, tant pr\u00f2pies com de tercers (Google Analytics) per millorar la teva experi\u00e8ncia d\u2019usuari i recollir dades estad\u00edstiques sobre l\u2019\u00fas de la nostra web per part dels usuaris. Les cookies s\u2019associen \u00fanicament al navegador que est\u00e0 utilitzant, de manera que no s\u2019emmagatzema cap tipus de dades personals sobre l\u2019usuari que visita la nostra p\u00e0gina web. Vost\u00e8 pot configurar el seu navegador perqu\u00e8 notifiqui i\/o rebutgi la instal\u00b7laci\u00f3 de les cookies, sense que aix\u00f2 perjudiqui la possibilitat de l\u2019usuari de poder accedir a les diferents zones de la web, excepte al servei de xat de suport t\u00e8cnic.<\/p>\n<p>Si navegues per la nostra web, estar\u00e0s acceptant l\u2019\u00fas de les cookies en les condicions establertes en aquesta Pol\u00edtica de Cookies. Aquesta pol\u00edtica pot ser actualitzada, per la qual cosa et convidem a revisar-la de forma regular.<\/p>\n<h3>Qu\u00e8 son les cookies?<\/h3>\n<p style=\"text-align: justify;\">S\u00f3n petits fitxers de dades que el servidor d\u2019Internet envia al dispositiu amb el qual et connectes a les nostres webs i que aquest arxiva. S\u2019associen \u00fanicament al teu navegador i no proporcionen per si mateixes dades personals. Les cookies no poden malmetre el teu dispositiu i a m\u00e9s s\u00f3n molt \u00fatils, ja que ens ajuden a identificar i resoldre errors.<\/p>\n<p>Si vols m\u00e9s informaci\u00f3 sobre el seu funcionament, et recomanem que visitis <a href=\"http:\/\/www.allaboutcookies.org\" target=\"_blank\"><strong>www.allaboutcookies.org <\/strong><\/a>y <a href=\"http:\/\/www.youronlinechoices.eu\/es\/\" target=\"_blank\"><strong>www.youronlinechoices.eu<\/strong><\/a><\/p>\n<h3><span style=\"font-size: 1.17em; text-align: justify; line-height: 1.5em;\">Cookies de xarxes socials<\/span><\/h3>\n<p style=\"text-align: justify;\">A la nostra p\u00e0gina web s\u2019inclouen botons que els usuaris poden utilitzar, de forma senzilla i intu\u00eftiva, per enlla\u00e7ar i compartir certs continguts a les xarxes socials com Facebook, Twitter, Google+, LinkedIn o Pinterest. Aquesta funcionalitat comporta l\u2019\u00fas de cookies que enllacen amb les p\u00e0gines web d\u2019aquestes xarxes socials, emmagatzemant la informaci\u00f3 \u00fanicament en elles.<\/p>\n<h3 style=\"text-align: justify;\">Configuraci\u00f3 de les cookies<\/h3>\n<p><span style=\"line-height: 1.5em;\">Molts navegadors permeten activar un sistema privat mitjan\u00e7ant el qual les cookies s\u2019esborren sempre despr\u00e9s de la teva visita a la web. Depenent de cada navegador aquest sistema pot tenir diferents noms. A continuaci\u00f3 detallem una llista dels navegadors m\u00e9s comuns i els diferents noms d\u2019aquest sistema privat:<\/span><\/p>\n<ul>\n<li>Internet Explorer 8 i superior &#8211; InPrivate<\/li>\n<li>Microsoft Edge<\/li>\n<li>Opera 10.5 i superior &#8211; Navegaci\u00f3 Privada<\/li>\n<li>Google Chrome 10 i superior &#8211; Inc\u00f2gnit<\/li>\n<li>Safari 2 i superior &#8211; Navegaci\u00f3 Privada<\/li>\n<li>Firefox 3.5 i superior &#8211; Navegaci\u00f3 Privada<\/li>\n<\/ul>\n<p>A continuaci\u00f3 us detallem la relaci\u00f3 de cookies utilitzades per <a href=\"http:\/\/toniquesada.org\"><strong>toniquesada.org<\/strong>:<\/a><\/p>\n<table>\n<thead>\n<tr>\n<th>Cookie<\/th>\n<th>Tipus<\/th>\n<th>Duraci\u00f3<\/th>\n<th>Descripci\u00f3<\/th>\n<\/tr>\n<\/thead>\n<tbody>\n<tr>\n<td>devicePixelRatio<\/td>\n<td>Associada al lloc web<\/td>\n<td>Als 7 dies<\/td>\n<td>Permet diferenciar entre els diferents objectes de seguiment que es creen en la sessi\u00f3.<\/td>\n<\/tr>\n<tr>\n<td>wordpress_test_cookie<\/td>\n<td>De tercers<\/td>\n<td>Sessi\u00f3<\/td>\n<td>Aquesta cookie s&#8217;usa perqu\u00e8 el gestor de continguts WordPress comprovi si el navegador t\u00e9 les cookies activades<\/td>\n<\/tr>\n<tr>\n<td>wordpress_logged_in[hash]<\/td>\n<td>De tercers<\/td>\n<td>Sessi\u00f3<\/td>\n<td>Indica si l&#8217;usuari est\u00e0 connectat i qui \u00e9s<\/td>\n<\/tr>\n<tr>\n<td>wp-settings-1<\/td>\n<td>De tercers<\/td>\n<td>En tancar el navegador<\/td>\n<td>Utilitzada per personalitzar l&#8217;interf\u00edcie d&#8217;usuari<\/td>\n<\/tr>\n<tr>\n<td>wp-settings-time-1<\/td>\n<td>Pr\u00f2pia<\/td>\n<td>1 any<\/td>\n<td>Personalitzar Interf\u00edcie<\/td>\n<\/tr>\n<\/tbody>\n<\/table>\n<p>[\/vc_column_text][\/vc_column][\/vc_row][vc_row][vc_column]<div id=\"ult-carousel-172782025869eff5567e6f2\" class=\"ult-carousel-wrapper   ult_horizontal\" data-gutter=\"15\" data-rtl=\"false\" ><div class=\"ult-carousel-83657456969eff5567e633 \" ><\/div><\/div>            <script type=\"text\/javascript\">\r\n\t\t\t\tjQuery(document).ready(function($){\r\n               \t\t$('.ult-carousel-83657456969eff5567e633').slick({dots: true,autoplay: true,autoplaySpeed: 5000,speed: 300,infinite: true,arrows: true,nextArrow: '<button type=\"button\" style=\"color:#333333; font-size:20px;\" class=\"slick-next default\"><i class=\"ultsl-arrow-right4\"><\/i><\/button>',prevArrow: '<button type=\"button\" style=\"color:#333333; font-size:20px;\" class=\"slick-prev default\"><i class=\"ultsl-arrow-left4\"><\/i><\/button>',slidesToScroll:5,slidesToShow:5,swipe: true,draggable: true,touchMove: true,responsive: [\r\n\t\t\t\t\t\t\t{\r\n\t\t\t\t\t\t\t  breakpoint: 1025,\r\n\t\t\t\t\t\t\t  settings: {\r\n\t\t\t\t\t\t\t\tslidesToShow: 5,\r\n\t\t\t\t\t\t\t\tslidesToScroll: 5,  \r\n\t\t\t\t\t\t\t  }\r\n\t\t\t\t\t\t\t},\r\n\t\t\t\t\t\t\t{\r\n\t\t\t\t\t\t\t  breakpoint: 769,\r\n\t\t\t\t\t\t\t  settings: {\r\n\t\t\t\t\t\t\t\tslidesToShow: 3,\r\n\t\t\t\t\t\t\t\tslidesToScroll: 3\r\n\t\t\t\t\t\t\t  }\r\n\t\t\t\t\t\t\t},\r\n\t\t\t\t\t\t\t{\r\n\t\t\t\t\t\t\t  breakpoint: 481,\r\n\t\t\t\t\t\t\t  settings: {\r\n\t\t\t\t\t\t\t\tslidesToShow: 2,\r\n\t\t\t\t\t\t\t\tslidesToScroll: 2\r\n\t\t\t\t\t\t\t  }\r\n\t\t\t\t\t\t\t}\r\n\t\t\t\t\t\t],pauseOnHover: true,\r\n\t\t\t\t\t\tpauseOnDotsHover: true,customPaging: function(slider, i) {\r\n                   return '<i type=\"button\" style=\"color:#333333;\" class=\"ultsl-record\" data-role=\"none\"><\/i>';\r\n                },});\r\n\t\t\t\t});\r\n\t\t\t<\/script>\r\n            [\/vc_column][\/vc_row]<\/p>\n","protected":false},"excerpt":{"rendered":"<p>[vc_row][vc_column][vc_column_text] \u00das de cookies En el nostre lloc web utilitzem cookies, tant pr\u00f2pies com de tercers (Google Analytics) per millorar la teva experi\u00e8ncia d\u2019usuari i recollir dades estad\u00edstiques sobre l\u2019\u00fas de la nostra web per part dels usuaris. Les cookies s\u2019associen \u00fanicament al navegador que est\u00e0 utilitzant, de manera que no s\u2019emmagatzema cap tipus de&hellip;<\/p>\n","protected":false},"author":1,"featured_media":0,"parent":0,"menu_order":0,"comment_status":"closed","ping_status":"closed","template":"","meta":[],"_links":{"self":[{"href":"https:\/\/toniquesada.org\/ca\/wp-json\/wp\/v2\/pages\/627"}],"collection":[{"href":"https:\/\/toniquesada.org\/ca\/wp-json\/wp\/v2\/pages"}],"about":[{"href":"https:\/\/toniquesada.org\/ca\/wp-json\/wp\/v2\/types\/page"}],"author":[{"embeddable":true,"href":"https:\/\/toniquesada.org\/ca\/wp-json\/wp\/v2\/users\/1"}],"replies":[{"embeddable":true,"href":"https:\/\/toniquesada.org\/ca\/wp-json\/wp\/v2\/comments?post=627"}],"version-history":[{"count":2,"href":"https:\/\/toniquesada.org\/ca\/wp-json\/wp\/v2\/pages\/627\/revisions"}],"predecessor-version":[{"id":629,"href":"https:\/\/toniquesada.org\/ca\/wp-json\/wp\/v2\/pages\/627\/revisions\/629"}],"wp:attachment":[{"href":"https:\/\/toniquesada.org\/ca\/wp-json\/wp\/v2\/media?parent=627"}],"curies":[{"name":"wp","href":"https:\/\/api.w.org\/{rel}","templated":true}]}}