{"id":614,"date":"2016-06-21T10:10:03","date_gmt":"2016-06-21T08:10:03","guid":{"rendered":"http:\/\/toniquesada.org\/ca\/inicio\/"},"modified":"2024-07-01T11:23:51","modified_gmt":"2024-07-01T09:23:51","slug":"inicio","status":"publish","type":"page","link":"https:\/\/toniquesada.org\/ca\/","title":{"rendered":"Inici"},"content":{"rendered":"<p>[vc_row][vc_column][vc_column_text]<\/p>\n<h2 class=\"tituloportada\">Benvingudes totes les persones que necessiten trobar <span class=\"h2verde\">el seu cam\u00ed cap a la veritable salut<\/span><\/h2>\n<p>[\/vc_column_text][vc_separator color=&#8221;green&#8221; el_width=&#8221;70&#8243;][\/vc_column][\/vc_row][vc_row equal_height=&#8221;yes&#8221;][vc_column width=&#8221;1\/2&#8243;][vc_column_text]<\/p>\n<p style=\"text-align: justify;\">Nom\u00e9s <strong>quan s&#8217;aconsegueix l&#8217;equilibri<\/strong> entre els pl\u00e0nols f\u00edsic, emocional i espiritual es pot dir que <strong>la persona gaudeix de salut i benestar<\/strong>. El seu desequilibri, en canvi, \u00e9s l&#8217;origen de conflictes org\u00e0nics, que acaben derivant en processos de malaltia.<\/p>\n<div class=\"vc_empty_space\" style=\"height: 32px;\"><\/div>\n<div class=\"bannerquesada\">\n<p style=\"text-align: justify;\">A\u00a0<span class=\"h4gris\">Toni Quesada<\/span> &#8211; <span class=\"h4verde\">Ancestral Energy<\/span> hem desenvolupat un m\u00e8tode propi que t&#8217;ajudar\u00e0 a desbloquejar aquests desequilibris, perqu\u00e8 el nostre objectiu \u00e9s ajudar-te a viure en plenitud.<\/p>\n<\/div>\n<div class=\"vc_empty_space\" style=\"height: 32px;\"><\/div>\n<p style=\"text-align: justify;\">Tamb\u00e9 t&#8217;acompanyem en l&#8217;abordatge i el <strong>tractament de malalties<\/strong> (c\u00e0ncer, processos menstruals dolorosos, artrosis, artritis\u2026),\u00a0<strong>complementant a la medicina convencional <\/strong> que, com b\u00e9 sabr\u00e0s, \u00fanicament s&#8217;ocupa del pl\u00e0nol f\u00edsic de la persona.<\/p>\n<p>[\/vc_column_text][\/vc_column][vc_column width=&#8221;1\/2&#8243;][vc_row_inner][vc_column_inner width=&#8221;1\/3&#8243;]<div class=\"ult-ih-container ult-adjust-bottom-margin  \" >\t<ul class=\"ult-ih-list \"  data-shape=\"square\"  data-width=\"190\"  data-height=\"190\"  style=\"text-align:center; \"><li id=\"ult-ih-list-item-2000\" class=\"ult-ih-list-item\" style=\"height: 190px; width: 190px;  margin: 15px\"><a class=\"ult-ih-link\" href=\"http:\/\/toniquesada.org\/ca\/acupuntura-medicina-tradicional-xina\/\" target=\"\"  title=\"\" ><div style=\"height: 190px; width: 190px; \" class=\"ult-ih-item ult-ih-effect1    ult-ih-top_to_bottom\"><div class=\"ult-ih-image-block\" style=\"height: 190px; width: 190px; \">\t<div class=\"ult-ih-wrapper\" style=\"border-style: solid; border-color: rgba(255,255,255,0.2); border-width: 20px;\"><\/div>\t<img decoding=\"async\" class=\"ult-ih-image\" src=\"https:\/\/toniquesada.org\/wp-content\/uploads\/acupuntura-barcelona-toni-quesada-2.jpg\" alt=\"Terapias naturales, Acupuntura y Medicina Tradicional China\"><\/div><div class=\"ult-ih-info\" >\t<div class=\"ult-ih-info-back\" style=\"background-color: #818285; \">\t<div class=\"ult-ih-content\">\t\t\t<div class=\"ult-ih-heading-block\" style=\"\">\t\t\t\t<h3 class=\"ult-ih-heading ult-responsive\" style=\"color:#ffffff;\"  data-ultimate-target='#ult-ih-list-item-2000 .ult-ih-heading'  data-responsive-json-new='{\"font-size\":\"desktop:22px;\",\"line-height\":\"desktop:28px;\"}' >Medicina xinesa i acupuntura<\/h3>\t\t\t<\/div>\t\t\t<div class=\"ult-ih-divider-block\" style=\"height:1px;\">\t\t\t\t<span class=\"ult-ih-line\" style=\"border-style:solid;border-color:rgba(255,255,255,0.75);width:100px;border-width:1px;\"><\/span>\t\t\t<\/div>\t\t\t<div class=\"ult-ih-description-block\" style=\"\">\t\t\t\t<div class=\"ult-ih-description ult-responsive\" style=\"color:#bbbbbb;\"  data-ultimate-target='#ult-ih-list-item-2000 .ult-ih-description, #ult-ih-list-item-2000 .ult-ih-description p'  data-responsive-json-new='{\"font-size\":\"desktop:12px;\",\"line-height\":\"desktop:18px;\"}' >\t\t\t\t<\/div>\t\t\t<\/div>\t<\/div>\t<\/div><\/div><\/div><\/a><\/li>\t<\/ul><\/div><div class=\"ult-ih-container ult-adjust-bottom-margin  \" >\t<ul class=\"ult-ih-list \"  data-shape=\"square\"  data-width=\"190\"  data-height=\"190\"  style=\"text-align:center; \"><li id=\"ult-ih-list-item-9722\" class=\"ult-ih-list-item\" style=\"height: 190px; width: 190px;  margin: 15px\"><a class=\"ult-ih-link\" href=\"http:\/\/toniquesada.org\/ca\/acupuntura-medicina-tradicional-xina\/\" target=\"\"  title=\"\" ><div style=\"height: 190px; width: 190px; \" class=\"ult-ih-item ult-ih-effect1    ult-ih-top_to_bottom\"><div class=\"ult-ih-image-block\" style=\"height: 190px; width: 190px; \">\t<div class=\"ult-ih-wrapper\" style=\"border-style: solid; border-color: rgba(255,255,255,0.2); border-width: 20px;\"><\/div>\t<img decoding=\"async\" class=\"ult-ih-image\" src=\"https:\/\/toniquesada.org\/wp-content\/uploads\/reiki-barcelona-toni-quesada.jpg\" alt=\"Terapias naturales, Acupuntura y Medicina Tradicional China\"><\/div><div class=\"ult-ih-info\" >\t<div class=\"ult-ih-info-back\" style=\"background-color: #818285; \">\t<div class=\"ult-ih-content\">\t\t\t<div class=\"ult-ih-heading-block\" style=\"\">\t\t\t\t<h3 class=\"ult-ih-heading ult-responsive\" style=\"color:#ffffff;\"  data-ultimate-target='#ult-ih-list-item-9722 .ult-ih-heading'  data-responsive-json-new='{\"font-size\":\"desktop:22px;\",\"line-height\":\"desktop:28px;\"}' >Reiky<\/h3>\t\t\t<\/div>\t\t\t<div class=\"ult-ih-divider-block\" style=\"height:1px;\">\t\t\t\t<span class=\"ult-ih-line\" style=\"border-style:solid;border-color:rgba(255,255,255,0.75);width:100px;border-width:1px;\"><\/span>\t\t\t<\/div>\t\t\t<div class=\"ult-ih-description-block\" style=\"\">\t\t\t\t<div class=\"ult-ih-description ult-responsive\" style=\"color:#bbbbbb;\"  data-ultimate-target='#ult-ih-list-item-9722 .ult-ih-description, #ult-ih-list-item-9722 .ult-ih-description p'  data-responsive-json-new='{\"font-size\":\"desktop:12px;\",\"line-height\":\"desktop:18px;\"}' >\t\t\t\t<\/div>\t\t\t<\/div>\t<\/div>\t<\/div><\/div><\/div><\/a><\/li>\t<\/ul><\/div>[\/vc_column_inner][vc_column_inner width=&#8221;1\/3&#8243;]<div class=\"ult-ih-container ult-adjust-bottom-margin  \" >\t<ul class=\"ult-ih-list \"  data-shape=\"square\"  data-width=\"190\"  data-height=\"190\"  style=\"text-align:center; \"><li id=\"ult-ih-list-item-8506\" class=\"ult-ih-list-item\" style=\"height: 190px; width: 190px;  margin: 15px\"><a class=\"ult-ih-link\" href=\"http:\/\/toniquesada.org\/ca\/acupuntura-medicina-tradicional-xina\/\" target=\"\"  title=\"\" ><div style=\"height: 190px; width: 190px; \" class=\"ult-ih-item ult-ih-effect1    ult-ih-top_to_bottom\"><div class=\"ult-ih-image-block\" style=\"height: 190px; width: 190px; \">\t<div class=\"ult-ih-wrapper\" style=\"border-style: solid; border-color: rgba(255,255,255,0.2); border-width: 20px;\"><\/div>\t<img decoding=\"async\" class=\"ult-ih-image\" src=\"https:\/\/toniquesada.org\/wp-content\/uploads\/fisioterapia-barcelona-toni-quesada.jpg\" alt=\"Terapias naturales, Acupuntura y Medicina Tradicional China\"><\/div><div class=\"ult-ih-info\" >\t<div class=\"ult-ih-info-back\" style=\"background-color: #818285; \">\t<div class=\"ult-ih-content\">\t\t\t<div class=\"ult-ih-heading-block\" style=\"\">\t\t\t\t<h3 class=\"ult-ih-heading ult-responsive\" style=\"color:#ffffff;\"  data-ultimate-target='#ult-ih-list-item-8506 .ult-ih-heading'  data-responsive-json-new='{\"font-size\":\"desktop:22px;\",\"line-height\":\"desktop:28px;\"}' >Tuina<\/h3>\t\t\t<\/div>\t\t\t<div class=\"ult-ih-divider-block\" style=\"height:1px;\">\t\t\t\t<span class=\"ult-ih-line\" style=\"border-style:solid;border-color:rgba(255,255,255,0.75);width:100px;border-width:1px;\"><\/span>\t\t\t<\/div>\t\t\t<div class=\"ult-ih-description-block\" style=\"\">\t\t\t\t<div class=\"ult-ih-description ult-responsive\" style=\"color:#bbbbbb;\"  data-ultimate-target='#ult-ih-list-item-8506 .ult-ih-description, #ult-ih-list-item-8506 .ult-ih-description p'  data-responsive-json-new='{\"font-size\":\"desktop:12px;\",\"line-height\":\"desktop:18px;\"}' >\t\t\t\t<\/div>\t\t\t<\/div>\t<\/div>\t<\/div><\/div><\/div><\/a><\/li>\t<\/ul><\/div><div class=\"ult-ih-container ult-adjust-bottom-margin  \" >\t<ul class=\"ult-ih-list \"  data-shape=\"square\"  data-width=\"190\"  data-height=\"190\"  style=\"text-align:center; \"><li id=\"ult-ih-list-item-3342\" class=\"ult-ih-list-item\" style=\"height: 190px; width: 190px;  margin: 15px\"><a class=\"ult-ih-link\" href=\"http:\/\/toniquesada.org\/ca\/chillout-virtual\/\" target=\"\"  title=\"\" ><div style=\"height: 190px; width: 190px; \" class=\"ult-ih-item ult-ih-effect1    ult-ih-top_to_bottom\"><div class=\"ult-ih-image-block\" style=\"height: 190px; width: 190px; \">\t<div class=\"ult-ih-wrapper\" style=\"border-style: solid; border-color: rgba(255,255,255,0.2); border-width: 20px;\"><\/div>\t<img decoding=\"async\" class=\"ult-ih-image\" src=\"https:\/\/toniquesada.org\/wp-content\/uploads\/Chillout-barcelona-toni-quesada-2.jpg\" alt=\"Terapias naturales, Acupuntura y Medicina Tradicional China\"><\/div><div class=\"ult-ih-info\" >\t<div class=\"ult-ih-info-back\" style=\"background-color: #818285; \">\t<div class=\"ult-ih-content\">\t\t\t<div class=\"ult-ih-heading-block\" style=\"\">\t\t\t\t<h3 class=\"ult-ih-heading ult-responsive\" style=\"color:#ffffff;\"  data-ultimate-target='#ult-ih-list-item-3342 .ult-ih-heading'  data-responsive-json-new='{\"font-size\":\"desktop:22px;\",\"line-height\":\"desktop:28px;\"}' >Chillout Virtual<\/h3>\t\t\t<\/div>\t\t\t<div class=\"ult-ih-divider-block\" style=\"height:1px;\">\t\t\t\t<span class=\"ult-ih-line\" style=\"border-style:solid;border-color:rgba(255,255,255,0.75);width:100px;border-width:1px;\"><\/span>\t\t\t<\/div>\t\t\t<div class=\"ult-ih-description-block\" style=\"\">\t\t\t\t<div class=\"ult-ih-description ult-responsive\" style=\"color:#bbbbbb;\"  data-ultimate-target='#ult-ih-list-item-3342 .ult-ih-description, #ult-ih-list-item-3342 .ult-ih-description p'  data-responsive-json-new='{\"font-size\":\"desktop:12px;\",\"line-height\":\"desktop:18px;\"}' >\t\t\t\t<\/div>\t\t\t<\/div>\t<\/div>\t<\/div><\/div><\/div><\/a><\/li>\t<\/ul><\/div>[\/vc_column_inner][vc_column_inner width=&#8221;1\/3&#8243;]<div class=\"ult-ih-container ult-adjust-bottom-margin  \" >\t<ul class=\"ult-ih-list \"  data-shape=\"square\"  data-width=\"190\"  data-height=\"190\"  style=\"text-align:center; \"><li id=\"ult-ih-list-item-3160\" class=\"ult-ih-list-item\" style=\"height: 190px; width: 190px;  margin: 15px\"><a class=\"ult-ih-link\" href=\"http:\/\/toniquesada.org\/ca\/acupuntura-medicina-tradicional-xina\/\" target=\"\"  title=\"\" ><div style=\"height: 190px; width: 190px; \" class=\"ult-ih-item ult-ih-effect1    ult-ih-top_to_bottom\"><div class=\"ult-ih-image-block\" style=\"height: 190px; width: 190px; \">\t<div class=\"ult-ih-wrapper\" style=\"border-style: solid; border-color: rgba(255,255,255,0.2); border-width: 20px;\"><\/div>\t<img decoding=\"async\" class=\"ult-ih-image\" src=\"https:\/\/toniquesada.org\/wp-content\/uploads\/psicologia-barcelona-toni-quesada.jpg\" alt=\"Terapias naturales, Acupuntura y Medicina Tradicional China\"><\/div><div class=\"ult-ih-info\" >\t<div class=\"ult-ih-info-back\" style=\"background-color: #818285; \">\t<div class=\"ult-ih-content\">\t\t\t<div class=\"ult-ih-heading-block\" style=\"\">\t\t\t\t<h3 class=\"ult-ih-heading ult-responsive\" style=\"color:#ffffff;\"  data-ultimate-target='#ult-ih-list-item-3160 .ult-ih-heading'  data-responsive-json-new='{\"font-size\":\"desktop:22px;\",\"line-height\":\"desktop:28px;\"}' > Salut emocional<\/h3>\t\t\t<\/div>\t\t\t<div class=\"ult-ih-divider-block\" style=\"height:1px;\">\t\t\t\t<span class=\"ult-ih-line\" style=\"border-style:solid;border-color:rgba(255,255,255,0.75);width:100px;border-width:1px;\"><\/span>\t\t\t<\/div>\t\t\t<div class=\"ult-ih-description-block\" style=\"\">\t\t\t\t<div class=\"ult-ih-description ult-responsive\" style=\"color:#bbbbbb;\"  data-ultimate-target='#ult-ih-list-item-3160 .ult-ih-description, #ult-ih-list-item-3160 .ult-ih-description p'  data-responsive-json-new='{\"font-size\":\"desktop:12px;\",\"line-height\":\"desktop:18px;\"}' >\t\t\t\t<\/div>\t\t\t<\/div>\t<\/div>\t<\/div><\/div><\/div><\/a><\/li>\t<\/ul><\/div><div class=\"ult-ih-container ult-adjust-bottom-margin  \" >\t<ul class=\"ult-ih-list \"  data-shape=\"square\"  data-width=\"190\"  data-height=\"190\"  style=\"text-align:center; \"><li id=\"ult-ih-list-item-8595\" class=\"ult-ih-list-item\" style=\"height: 190px; width: 190px;  margin: 15px\"><a class=\"ult-ih-link\" href=\"http:\/\/toniquesada.org\/ca\/agenda-activitats-grupals\/\" target=\"\"  title=\"\" ><div style=\"height: 190px; width: 190px; \" class=\"ult-ih-item ult-ih-effect1    ult-ih-top_to_bottom\"><div class=\"ult-ih-image-block\" style=\"height: 190px; width: 190px; \">\t<div class=\"ult-ih-wrapper\" style=\"border-style: solid; border-color: rgba(255,255,255,0.2); border-width: 20px;\"><\/div>\t<img decoding=\"async\" class=\"ult-ih-image\" src=\"https:\/\/toniquesada.org\/wp-content\/uploads\/terapias-grupo-barcelona-toni-quesada.jpg\" alt=\"Terapias naturales, Acupuntura y Medicina Tradicional China\"><\/div><div class=\"ult-ih-info\" >\t<div class=\"ult-ih-info-back\" style=\"background-color: #818285; \">\t<div class=\"ult-ih-content\">\t\t\t<div class=\"ult-ih-heading-block\" style=\"\">\t\t\t\t<h3 class=\"ult-ih-heading ult-responsive\" style=\"color:#ffffff;\"  data-ultimate-target='#ult-ih-list-item-8595 .ult-ih-heading'  data-responsive-json-new='{\"font-size\":\"desktop:22px;\",\"line-height\":\"desktop:28px;\"}' >Activitats grupals<\/h3>\t\t\t<\/div>\t\t\t<div class=\"ult-ih-divider-block\" style=\"height:1px;\">\t\t\t\t<span class=\"ult-ih-line\" style=\"border-style:solid;border-color:rgba(255,255,255,0.75);width:100px;border-width:1px;\"><\/span>\t\t\t<\/div>\t\t\t<div class=\"ult-ih-description-block\" style=\"\">\t\t\t\t<div class=\"ult-ih-description ult-responsive\" style=\"color:#bbbbbb;\"  data-ultimate-target='#ult-ih-list-item-8595 .ult-ih-description, #ult-ih-list-item-8595 .ult-ih-description p'  data-responsive-json-new='{\"font-size\":\"desktop:12px;\",\"line-height\":\"desktop:18px;\"}' >\t\t\t\t<\/div>\t\t\t<\/div>\t<\/div>\t<\/div><\/div><\/div><\/a><\/li>\t<\/ul><\/div>[\/vc_column_inner][\/vc_row_inner][\/vc_column][\/vc_row][vc_row margin_top=&#8221;32&#8243; margin_bottom=&#8221;32&#8243;][vc_column][vc_separator color=&#8221;green&#8221; el_width=&#8221;70&#8243;][\/vc_column][\/vc_row][vc_row][vc_column width=&#8221;1\/3&#8243;]<div class=\"ult-team-member-wrap ult-style-1  \"><div class=\"ult-team-member-image\" style=\"\"> <img decoding=\"async\" class=\"\" src=\"https:\/\/toniquesada.org\/wp-content\/uploads\/Toni-quesada-gris.jpg\" alt=\"null\"  style=\"\"><span class=\"ult-team-member-image-overlay \"  ><\/span><\/div><div class=\"ult-team-member-bio-wrap style-1 ultimate-heading69d4da95d1c90\" style=\"text-align:center;; \"><div class=\"ult-team-member-name-wrap\"><h3 class=\"ult-team-member-name ult-responsive\"  data-ultimate-target='.ult-team-member-bio-wrap.ultimate-heading69d4da95d1c90 .ult-team-member-name'  data-responsive-json-new='{\"font-size\":\"desktop:26px;\",\"line-height\":\"desktop:36px;\"}'  style=\"color:#818285;\">Toni Quesada<\/h3><div class=\"ult-team-member-position ult-responsive\"  data-ultimate-target='.ult-team-member-bio-wrap.ultimate-heading69d4da95d1c90 .ult-team-member-position'  data-responsive-json-new='{\"font-size\":\"\",\"line-height\":\"\"}'  style=\"\">Fundador Ancestral Energy<\/div><div class=\"ult-team-member-description ult-responsive\"  data-ultimate-target='.ult-team-member-bio-wrap.ultimate-heading69d4da95d1c90 .ult-team-member-description'  data-responsive-json-new='{\"font-size\":\"\",\"line-height\":\"\"}'  style=\"\"><p><\/p>\n<p style=\"text-align: justify;\">Amb la visi\u00f3 global que em proporciona la meva formaci\u00f3 en medicina alop\u00e0tica i medicina natural, el meu objectiu \u00e9s el benestar f\u00edsic, psicol\u00f2gic i espiritual de cada persona.<\/p>\n<p><\/p><\/div><div style=\"margin-bottom:15px\"><\/div><\/div><\/div><\/div>[\/vc_column][vc_column width=&#8221;2\/3&#8243;][vc_column_text]<\/p>\n<h2 style=\"text-align: center;\"><span class=\"h4verde\">El meu<\/span> <span class=\"h4gris\"> equip<\/span><\/h2>\n<p>[\/vc_column_text][vc_row_inner][vc_column_inner width=&#8221;1\/2&#8243;][vc_single_image image=&#8221;6747&#8243; img_size=&#8221;medium&#8221; style=&#8221;vc_box_circle&#8221;][vc_column_text]<strong>ARNAU SALLES<\/strong>[\/vc_column_text]<div class=\"standard-arrow list-divider bullet-top\"><ul>\n<li>T\u00e8cnic Superior en Acupuntura<\/li>\n<li>Coaching Emocional<\/li>\n<\/ul>\n<\/div>[\/vc_column_inner][vc_column_inner width=&#8221;1\/2&#8243;][vc_single_image image=&#8221;6750&#8243; img_size=&#8221;medium&#8221; style=&#8221;vc_box_circle&#8221;][vc_column_text]<strong>IRAIDA CORT\u00c9S<\/strong>[\/vc_column_text]<div class=\"standard-arrow list-divider bullet-top\"><ul>\n<li>T\u00e8cnica a MTC<\/li>\n<li>Reiki avan\u00e7at<\/li>\n<li>Assessora de gesti\u00f3 personal<\/li>\n<li>Personal image consultant<\/li>\n<li>Facilitadora de Cercles<\/li>\n<\/ul>\n<\/div>[\/vc_column_inner][\/vc_row_inner][\/vc_column][\/vc_row]<\/p>\n","protected":false},"excerpt":{"rendered":"<p>[vc_row][vc_column][vc_column_text] Benvingudes totes les persones que necessiten trobar el seu cam\u00ed cap a la veritable salut [\/vc_column_text][vc_separator color=&#8221;green&#8221; el_width=&#8221;70&#8243;][\/vc_column][\/vc_row][vc_row equal_height=&#8221;yes&#8221;][vc_column width=&#8221;1\/2&#8243;][vc_column_text] Nom\u00e9s quan s&#8217;aconsegueix l&#8217;equilibri entre els pl\u00e0nols f\u00edsic, emocional i espiritual es pot dir que la persona gaudeix de salut i benestar. El seu desequilibri, en canvi, \u00e9s l&#8217;origen de conflictes org\u00e0nics, que acaben&hellip;<\/p>\n","protected":false},"author":1,"featured_media":0,"parent":0,"menu_order":0,"comment_status":"closed","ping_status":"closed","template":"","meta":[],"_links":{"self":[{"href":"https:\/\/toniquesada.org\/ca\/wp-json\/wp\/v2\/pages\/614"}],"collection":[{"href":"https:\/\/toniquesada.org\/ca\/wp-json\/wp\/v2\/pages"}],"about":[{"href":"https:\/\/toniquesada.org\/ca\/wp-json\/wp\/v2\/types\/page"}],"author":[{"embeddable":true,"href":"https:\/\/toniquesada.org\/ca\/wp-json\/wp\/v2\/users\/1"}],"replies":[{"embeddable":true,"href":"https:\/\/toniquesada.org\/ca\/wp-json\/wp\/v2\/comments?post=614"}],"version-history":[{"count":14,"href":"https:\/\/toniquesada.org\/ca\/wp-json\/wp\/v2\/pages\/614\/revisions"}],"predecessor-version":[{"id":6768,"href":"https:\/\/toniquesada.org\/ca\/wp-json\/wp\/v2\/pages\/614\/revisions\/6768"}],"wp:attachment":[{"href":"https:\/\/toniquesada.org\/ca\/wp-json\/wp\/v2\/media?parent=614"}],"curies":[{"name":"wp","href":"https:\/\/api.w.org\/{rel}","templated":true}]}}