{"id":608,"date":"2016-06-21T10:10:16","date_gmt":"2016-06-21T08:10:16","guid":{"rendered":"http:\/\/toniquesada.org\/ca\/acupuntura-medicina-tradicional-china\/"},"modified":"2024-07-01T11:38:02","modified_gmt":"2024-07-01T09:38:02","slug":"acupuntura-medicina-tradicional-xina","status":"publish","type":"page","link":"https:\/\/toniquesada.org\/ca\/acupuntura-medicina-tradicional-xina\/","title":{"rendered":"Ter\u00e0pies"},"content":{"rendered":"<p>[vc_row][vc_column][vc_column_text]<\/p>\n<h2 class=\"tituloportada\" style=\"text-align: center;\">Ter\u00e0pies per ajudar-te a trobar<br \/>\n<span class=\"h2verde\">el cam\u00ed de la salut<\/span><\/h2>\n<p>[\/vc_column_text][\/vc_column][\/vc_row][vc_row][vc_column width=&#8221;1\/2&#8243;][vc_column_text]<\/p>\n<div class=\"bannerquesada\">\n<p style=\"text-align: justify;\"><span class=\"h4gris\">A Toni Quesada<\/span> &#8211; <span class=\"h4verde\">Ancestral Energy<\/span> utilitzem m\u00e8todes de combinaci\u00f3 pr\u00f2pia per abordar multitud de patologies, en moltes ocasions com a suport i en total integraci\u00f3 amb la medicina convencional.<\/p>\n<\/div>\n<p>[\/vc_column_text][vc_column_text]<\/p>\n<p style=\"text-align: justify;\">L&#8217;<strong>Acupuntura<\/strong> \u00e9s la <strong>ter\u00e0pia m\u00e9s popular del m\u00f3n segons dades de l&#8217;OMS<\/strong>.<\/p>\n<p style=\"text-align: justify;\">Est\u00e0 reconeguda la seva efectivitat enfront del dolor, cefalees, migranyes, afeccions lumbars, alteracions osteo musculars, com adjuvant a la fibromialgia, malalties mentals, n\u00e0usees, v\u00f2mits, embar\u00e0s, part, reproducci\u00f3, disfunci\u00f3 temporo-mandibular, addiccions, malalties neurol\u00f2giques, asma, c\u00e0ncer (com a suport en el dolor, n\u00e0usees, fatiga i depressi\u00f3). Tamb\u00e9 en l&#8217;insomni, enuresis nocturna infantil, c\u00f2lon irritable i rinitis al\u00b7l\u00e8rgica.<\/p>\n<p style=\"text-align: justify;\">Aix\u00ed mateix, en la \u201c<a href=\"http:\/\/apps.who.int\/medicinedocs\/es\/m\/abstract\/Js21201es\/\" target=\"_blank\" rel=\"noopener noreferrer\">Estrat\u00e8gia de l&#8217;OMS sobre medicina tradicional 2014-2023<\/a>\u201d es proposa la integraci\u00f3 de l&#8217;acupuntura en els sistemes nacionals de salut.<\/p>\n<p>[\/vc_column_text][\/vc_column][vc_column width=&#8221;1\/2&#8243; css=&#8221;.vc_custom_1472641020854{padding-right: 50px !important;padding-left: 50px !important;}&#8221;][vc_single_image image=&#8221;225&#8243; img_size=&#8221;full&#8221; alignment=&#8221;center&#8221; css_animation=&#8221;fadeIn&#8221; lazy_loading=&#8221;true&#8221;]<div id=\"ult-carousel-3484754006a08341d3aa80\" class=\"ult-carousel-wrapper  vc_custom_1472638401072  ult_horizontal\" data-gutter=\"15\" data-rtl=\"false\" ><div class=\"ult-carousel-19110692676a08341d3a9ea \" >[vc_row_inner][vc_column_inner]<div class=\"ult-item-wrap\" data-animation=\"animated no-animation\"><div id=\"ultimate-heading-79376a08341d3ab4e\" class=\"uvc-heading ult-adjust-bottom-margin ultimate-heading-79376a08341d3ab4e uvc-4067 \" data-hspacer=\"no_spacer\"  data-halign=\"center\" style=\"text-align:center\"><div class=\"uvc-heading-spacer no_spacer\" style=\"top\"><\/div><div class=\"uvc-main-heading ult-responsive\"  data-ultimate-target='.uvc-heading.ultimate-heading-79376a08341d3ab4e h2'  data-responsive-json-new='{\"font-size\":\"desktop:20px;\",\"line-height\":\"desktop:36px;\"}' ><h2 style=\"font-family:'Raleway';font-weight:normal;\">\u201cTal com tenia l'esquena, no podia seguir amb el meu ritme. Ara, gr\u00e0cies a l'acupuntura, estic molt millor i he pogut normalitzar la meva vida.\u201d<\/h2><\/div><\/div><\/div>[vc_empty_space height=&#8221;15px&#8221;][vc_separator color=&#8221;green&#8221; el_width=&#8221;70&#8243;][vc_empty_space height=&#8221;15px&#8221;]<div class=\"ult-item-wrap\" data-animation=\"animated no-animation\"><div id=\"ultimate-heading-62466a08341d3ab8c\" class=\"uvc-heading ult-adjust-bottom-margin ultimate-heading-62466a08341d3ab8c uvc-1882 \" data-hspacer=\"no_spacer\"  data-halign=\"center\" style=\"text-align:center\"><div class=\"uvc-heading-spacer no_spacer\" style=\"top\"><\/div><div class=\"uvc-main-heading ult-responsive\"  data-ultimate-target='.uvc-heading.ultimate-heading-62466a08341d3ab8c h2'  data-responsive-json-new='{\"font-size\":\"desktop:23px;\",\"line-height\":\"desktop:32px;\"}' ><h2 style=\"font-weight:normal;\">Roser<\/h2><\/div><\/div><\/div>[\/vc_column_inner][\/vc_row_inner][vc_row_inner][vc_column_inner]<div class=\"ult-item-wrap\" data-animation=\"animated no-animation\"><div id=\"ultimate-heading-88246a08341d3abbd\" class=\"uvc-heading ult-adjust-bottom-margin ultimate-heading-88246a08341d3abbd uvc-5060 \" data-hspacer=\"no_spacer\"  data-halign=\"center\" style=\"text-align:center\"><div class=\"uvc-heading-spacer no_spacer\" style=\"top\"><\/div><div class=\"uvc-main-heading ult-responsive\"  data-ultimate-target='.uvc-heading.ultimate-heading-88246a08341d3abbd h2'  data-responsive-json-new='{\"font-size\":\"desktop:20px;\",\"line-height\":\"desktop:36px;\"}' ><h2 style=\"font-family:'Raleway';font-weight:normal;\">\u201cEm van dir que no hi havia res m\u00e9s a fer, que hauria de prendre calmants tota la vida. En Toni em va dir que sempre hi ha camins\u2026 I \u00e9s veritat.\u201d<\/h2><\/div><\/div><\/div>[vc_empty_space height=&#8221;15px&#8221;][vc_separator color=&#8221;green&#8221; el_width=&#8221;70&#8243;][vc_empty_space height=&#8221;15px&#8221;]<div class=\"ult-item-wrap\" data-animation=\"animated no-animation\"><div id=\"ultimate-heading-68736a08341d3abe8\" class=\"uvc-heading ult-adjust-bottom-margin ultimate-heading-68736a08341d3abe8 uvc-4019 \" data-hspacer=\"no_spacer\"  data-halign=\"center\" style=\"text-align:center\"><div class=\"uvc-heading-spacer no_spacer\" style=\"top\"><\/div><div class=\"uvc-main-heading ult-responsive\"  data-ultimate-target='.uvc-heading.ultimate-heading-68736a08341d3abe8 h2'  data-responsive-json-new='{\"font-size\":\"desktop:23px;\",\"line-height\":\"desktop:32px;\"}' ><h2 style=\"font-weight:normal;\">Adri\u00e0<\/h2><\/div><\/div><\/div>[\/vc_column_inner][\/vc_row_inner][vc_row_inner][vc_column_inner]<div class=\"ult-item-wrap\" data-animation=\"animated no-animation\"><div id=\"ultimate-heading-37486a08341d3ac11\" class=\"uvc-heading ult-adjust-bottom-margin ultimate-heading-37486a08341d3ac11 uvc-6217 \" data-hspacer=\"no_spacer\"  data-halign=\"center\" style=\"text-align:center\"><div class=\"uvc-heading-spacer no_spacer\" style=\"top\"><\/div><div class=\"uvc-main-heading ult-responsive\"  data-ultimate-target='.uvc-heading.ultimate-heading-37486a08341d3ac11 h2'  data-responsive-json-new='{\"font-size\":\"desktop:20px;\",\"line-height\":\"desktop:36px;\"}' ><h2 style=\"font-family:'Raleway';font-weight:normal;\">\u201cNo sabia que els meus maldecaps desapareixerien en una sola visita\u2026 Gr\u00e0cies.\u201d<\/h2><\/div><\/div><\/div>[vc_empty_space height=&#8221;15px&#8221;][vc_separator color=&#8221;green&#8221; el_width=&#8221;70&#8243;][vc_empty_space height=&#8221;15px&#8221;]<div class=\"ult-item-wrap\" data-animation=\"animated no-animation\"><div id=\"ultimate-heading-82046a08341d3ac38\" class=\"uvc-heading ult-adjust-bottom-margin ultimate-heading-82046a08341d3ac38 uvc-2928 \" data-hspacer=\"no_spacer\"  data-halign=\"center\" style=\"text-align:center\"><div class=\"uvc-heading-spacer no_spacer\" style=\"top\"><\/div><div class=\"uvc-main-heading ult-responsive\"  data-ultimate-target='.uvc-heading.ultimate-heading-82046a08341d3ac38 h2'  data-responsive-json-new='{\"font-size\":\"desktop:23px;\",\"line-height\":\"desktop:32px;\"}' ><h2 style=\"font-weight:normal;\">Lourdes<\/h2><\/div><\/div><\/div>[\/vc_column_inner][\/vc_row_inner][vc_row_inner][vc_column_inner]<div class=\"ult-item-wrap\" data-animation=\"animated no-animation\"><div id=\"ultimate-heading-45196a08341d3ac5f\" class=\"uvc-heading ult-adjust-bottom-margin ultimate-heading-45196a08341d3ac5f uvc-1252 \" data-hspacer=\"no_spacer\"  data-halign=\"center\" style=\"text-align:center\"><div class=\"uvc-heading-spacer no_spacer\" style=\"top\"><\/div><div class=\"uvc-main-heading ult-responsive\"  data-ultimate-target='.uvc-heading.ultimate-heading-45196a08341d3ac5f h2'  data-responsive-json-new='{\"font-size\":\"desktop:20px;\",\"line-height\":\"desktop:36px;\"}' ><h2 style=\"font-family:'Raleway';font-weight:normal;\">\u201cEstant al CAP tenia tot el bra\u00e7 adormit. El meu metge de cap\u00e7alera em va recomanar que parl\u00e9s amb en Toni. L'endem\u00e0 ja no tenia res.\u201d<\/h2><\/div><\/div><\/div>[vc_empty_space height=&#8221;15px&#8221;][vc_separator color=&#8221;green&#8221; el_width=&#8221;70&#8243;][vc_empty_space height=&#8221;15px&#8221;]<div class=\"ult-item-wrap\" data-animation=\"animated no-animation\"><div id=\"ultimate-heading-24206a08341d3ac9a\" class=\"uvc-heading ult-adjust-bottom-margin ultimate-heading-24206a08341d3ac9a uvc-366 \" data-hspacer=\"no_spacer\"  data-halign=\"center\" style=\"text-align:center\"><div class=\"uvc-heading-spacer no_spacer\" style=\"top\"><\/div><div class=\"uvc-main-heading ult-responsive\"  data-ultimate-target='.uvc-heading.ultimate-heading-24206a08341d3ac9a h2'  data-responsive-json-new='{\"font-size\":\"desktop:23px;\",\"line-height\":\"desktop:32px;\"}' ><h2 style=\"font-weight:normal;\">Carme<\/h2><\/div><\/div><\/div>[\/vc_column_inner][\/vc_row_inner][vc_row_inner][vc_column_inner]<div class=\"ult-item-wrap\" data-animation=\"animated no-animation\"><div id=\"ultimate-heading-79856a08341d3acc6\" class=\"uvc-heading ult-adjust-bottom-margin ultimate-heading-79856a08341d3acc6 uvc-1522 \" data-hspacer=\"no_spacer\"  data-halign=\"center\" style=\"text-align:center\"><div class=\"uvc-heading-spacer no_spacer\" style=\"top\"><\/div><div class=\"uvc-main-heading ult-responsive\"  data-ultimate-target='.uvc-heading.ultimate-heading-79856a08341d3acc6 h2'  data-responsive-json-new='{\"font-size\":\"desktop:20px;\",\"line-height\":\"desktop:36px;\"}' ><h2 style=\"font-family:'Raleway';font-weight:normal;\">\u201cDespr\u00e9s d'anys amb migranya, vaig aconseguir en control gr\u00e0cies a l'acupuntura\u201d<\/h2><\/div><\/div><\/div>[vc_empty_space height=&#8221;15px&#8221;][vc_separator color=&#8221;green&#8221; el_width=&#8221;70&#8243;][vc_empty_space height=&#8221;15px&#8221;]<div class=\"ult-item-wrap\" data-animation=\"animated no-animation\"><div id=\"ultimate-heading-44086a08341d3aceb\" class=\"uvc-heading ult-adjust-bottom-margin ultimate-heading-44086a08341d3aceb uvc-4308 \" data-hspacer=\"no_spacer\"  data-halign=\"center\" style=\"text-align:center\"><div class=\"uvc-heading-spacer no_spacer\" style=\"top\"><\/div><div class=\"uvc-main-heading ult-responsive\"  data-ultimate-target='.uvc-heading.ultimate-heading-44086a08341d3aceb h2'  data-responsive-json-new='{\"font-size\":\"desktop:23px;\",\"line-height\":\"desktop:32px;\"}' ><h2 style=\"font-weight:normal;\">Jordi<\/h2><\/div><\/div><\/div>[\/vc_column_inner][\/vc_row_inner][vc_row_inner][vc_column_inner]<div class=\"ult-item-wrap\" data-animation=\"animated no-animation\"><div id=\"ultimate-heading-58096a08341d3ad13\" class=\"uvc-heading ult-adjust-bottom-margin ultimate-heading-58096a08341d3ad13 uvc-1501 \" data-hspacer=\"no_spacer\"  data-halign=\"center\" style=\"text-align:center\"><div class=\"uvc-heading-spacer no_spacer\" style=\"top\"><\/div><div class=\"uvc-main-heading ult-responsive\"  data-ultimate-target='.uvc-heading.ultimate-heading-58096a08341d3ad13 h2'  data-responsive-json-new='{\"font-size\":\"desktop:20px;\",\"line-height\":\"desktop:36px;\"}' ><h2 style=\"font-family:'Raleway';font-weight:normal;\">\u201cEl meu Parkinson, est\u00e0 estable sense alteracions en la mobilitat o estabilitat en caminar, gr\u00e0cies a l'acupuntura. \u00c9s impressionant!\u201d<\/h2><\/div><\/div><\/div>[vc_empty_space height=&#8221;15px&#8221;][vc_separator color=&#8221;green&#8221; el_width=&#8221;70&#8243;][vc_empty_space height=&#8221;15px&#8221;]<div class=\"ult-item-wrap\" data-animation=\"animated no-animation\"><div id=\"ultimate-heading-69766a08341d3ad39\" class=\"uvc-heading ult-adjust-bottom-margin ultimate-heading-69766a08341d3ad39 uvc-2843 \" data-hspacer=\"no_spacer\"  data-halign=\"center\" style=\"text-align:center\"><div class=\"uvc-heading-spacer no_spacer\" style=\"top\"><\/div><div class=\"uvc-main-heading ult-responsive\"  data-ultimate-target='.uvc-heading.ultimate-heading-69766a08341d3ad39 h2'  data-responsive-json-new='{\"font-size\":\"desktop:23px;\",\"line-height\":\"desktop:32px;\"}' ><h2 style=\"font-weight:normal;\">Miracle<\/h2><\/div><\/div><\/div>[\/vc_column_inner][\/vc_row_inner][vc_row_inner][vc_column_inner]<div class=\"ult-item-wrap\" data-animation=\"animated no-animation\"><div id=\"ultimate-heading-20946a08341d3ad5f\" class=\"uvc-heading ult-adjust-bottom-margin ultimate-heading-20946a08341d3ad5f uvc-8096 \" data-hspacer=\"no_spacer\"  data-halign=\"center\" style=\"text-align:center\"><div class=\"uvc-heading-spacer no_spacer\" style=\"top\"><\/div><div class=\"uvc-main-heading ult-responsive\"  data-ultimate-target='.uvc-heading.ultimate-heading-20946a08341d3ad5f h2'  data-responsive-json-new='{\"font-size\":\"desktop:20px;\",\"line-height\":\"desktop:36px;\"}' ><h2 style=\"font-family:'Raleway';font-weight:normal;\">\u201cPortava setmanes amb hemat\u00faria, que no aconseguia controlar. Despr\u00e9s de diverses visites, vaig decidir provar en Ancestral Energy. Els resultats: porto setmanes estable i abordant tot all\u00f2 que ho produ\u00efa. Gr\u00e0cies!\u201d<\/h2><\/div><\/div><\/div>[vc_empty_space height=&#8221;15px&#8221;][vc_separator color=&#8221;green&#8221; el_width=&#8221;70&#8243;][vc_empty_space height=&#8221;15px&#8221;]<div class=\"ult-item-wrap\" data-animation=\"animated no-animation\"><div id=\"ultimate-heading-14236a08341d3ad85\" class=\"uvc-heading ult-adjust-bottom-margin ultimate-heading-14236a08341d3ad85 uvc-5103 \" data-hspacer=\"no_spacer\"  data-halign=\"center\" style=\"text-align:center\"><div class=\"uvc-heading-spacer no_spacer\" style=\"top\"><\/div><div class=\"uvc-main-heading ult-responsive\"  data-ultimate-target='.uvc-heading.ultimate-heading-14236a08341d3ad85 h2'  data-responsive-json-new='{\"font-size\":\"desktop:23px;\",\"line-height\":\"desktop:32px;\"}' ><h2 style=\"font-weight:normal;\">Joan<\/h2><\/div><\/div><\/div>[\/vc_column_inner][\/vc_row_inner][vc_row_inner][vc_column_inner]<div class=\"ult-item-wrap\" data-animation=\"animated no-animation\"><div id=\"ultimate-heading-85396a08341d3adad\" class=\"uvc-heading ult-adjust-bottom-margin ultimate-heading-85396a08341d3adad uvc-2631 \" data-hspacer=\"no_spacer\"  data-halign=\"center\" style=\"text-align:center\"><div class=\"uvc-heading-spacer no_spacer\" style=\"top\"><\/div><div class=\"uvc-main-heading ult-responsive\"  data-ultimate-target='.uvc-heading.ultimate-heading-85396a08341d3adad h2'  data-responsive-json-new='{\"font-size\":\"desktop:20px;\",\"line-height\":\"desktop:36px;\"}' ><h2 style=\"font-family:'Raleway';font-weight:normal;\">\u201cLa meva estabilitat emocional, ha pres un altre rumb. Ara, torno a ser la persona alegre que sempre he estat.\u201d<\/h2><\/div><\/div><\/div>[vc_empty_space height=&#8221;15px&#8221;][vc_separator color=&#8221;green&#8221; el_width=&#8221;70&#8243;][vc_empty_space height=&#8221;15px&#8221;]<div class=\"ult-item-wrap\" data-animation=\"animated no-animation\"><div id=\"ultimate-heading-29656a08341d3add1\" class=\"uvc-heading ult-adjust-bottom-margin ultimate-heading-29656a08341d3add1 uvc-4757 \" data-hspacer=\"no_spacer\"  data-halign=\"center\" style=\"text-align:center\"><div class=\"uvc-heading-spacer no_spacer\" style=\"top\"><\/div><div class=\"uvc-main-heading ult-responsive\"  data-ultimate-target='.uvc-heading.ultimate-heading-29656a08341d3add1 h2'  data-responsive-json-new='{\"font-size\":\"desktop:23px;\",\"line-height\":\"desktop:32px;\"}' ><h2 style=\"font-weight:normal;\">Ernest<\/h2><\/div><\/div><\/div>[\/vc_column_inner][\/vc_row_inner][vc_row_inner][vc_column_inner]<div class=\"ult-item-wrap\" data-animation=\"animated no-animation\"><div id=\"ultimate-heading-75786a08341d3adf8\" class=\"uvc-heading ult-adjust-bottom-margin ultimate-heading-75786a08341d3adf8 uvc-5202 \" data-hspacer=\"no_spacer\"  data-halign=\"center\" style=\"text-align:center\"><div class=\"uvc-heading-spacer no_spacer\" style=\"top\"><\/div><div class=\"uvc-main-heading ult-responsive\"  data-ultimate-target='.uvc-heading.ultimate-heading-75786a08341d3adf8 h2'  data-responsive-json-new='{\"font-size\":\"desktop:20px;\",\"line-height\":\"desktop:36px;\"}' ><h2 style=\"font-family:'Raleway';font-weight:normal;\">\u201cLa meva artrosi ara \u00e9s: m\u00e9s que tolerable.\u201d<\/h2><\/div><\/div><\/div>[vc_empty_space height=&#8221;15px&#8221;][vc_separator color=&#8221;green&#8221; el_width=&#8221;70&#8243;][vc_empty_space height=&#8221;15px&#8221;]<div class=\"ult-item-wrap\" data-animation=\"animated no-animation\"><div id=\"ultimate-heading-2426a08341d3ae1d\" class=\"uvc-heading ult-adjust-bottom-margin ultimate-heading-2426a08341d3ae1d uvc-2154 \" data-hspacer=\"no_spacer\"  data-halign=\"center\" style=\"text-align:center\"><div class=\"uvc-heading-spacer no_spacer\" style=\"top\"><\/div><div class=\"uvc-main-heading ult-responsive\"  data-ultimate-target='.uvc-heading.ultimate-heading-2426a08341d3ae1d h2'  data-responsive-json-new='{\"font-size\":\"desktop:23px;\",\"line-height\":\"desktop:32px;\"}' ><h2 style=\"font-weight:normal;\">Dana<\/h2><\/div><\/div><\/div>[\/vc_column_inner][\/vc_row_inner][vc_row_inner][vc_column_inner]<div class=\"ult-item-wrap\" data-animation=\"animated no-animation\"><div id=\"ultimate-heading-30546a08341d3ae44\" class=\"uvc-heading ult-adjust-bottom-margin ultimate-heading-30546a08341d3ae44 uvc-6765 \" data-hspacer=\"no_spacer\"  data-halign=\"center\" style=\"text-align:center\"><div class=\"uvc-heading-spacer no_spacer\" style=\"top\"><\/div><div class=\"uvc-main-heading ult-responsive\"  data-ultimate-target='.uvc-heading.ultimate-heading-30546a08341d3ae44 h2'  data-responsive-json-new='{\"font-size\":\"desktop:20px;\",\"line-height\":\"desktop:36px;\"}' ><h2 style=\"font-family:'Raleway';font-weight:normal;\">\u201cDespr\u00e9s d'anar caient fins a tocar fons, he tornat a ren\u00e9ixer. Mil gr\u00e0cies\u201d<\/h2><\/div><\/div><\/div>[vc_empty_space height=&#8221;15px&#8221;][vc_separator color=&#8221;green&#8221; el_width=&#8221;70&#8243;][vc_empty_space height=&#8221;15px&#8221;]<div class=\"ult-item-wrap\" data-animation=\"animated no-animation\"><div id=\"ultimate-heading-89406a08341d3ae6a\" class=\"uvc-heading ult-adjust-bottom-margin ultimate-heading-89406a08341d3ae6a uvc-945 \" data-hspacer=\"no_spacer\"  data-halign=\"center\" style=\"text-align:center\"><div class=\"uvc-heading-spacer no_spacer\" style=\"top\"><\/div><div class=\"uvc-main-heading ult-responsive\"  data-ultimate-target='.uvc-heading.ultimate-heading-89406a08341d3ae6a h2'  data-responsive-json-new='{\"font-size\":\"desktop:23px;\",\"line-height\":\"desktop:32px;\"}' ><h2 style=\"font-weight:normal;\">Norma<\/h2><\/div><\/div><\/div>[\/vc_column_inner][\/vc_row_inner][vc_row_inner][vc_column_inner]<div class=\"ult-item-wrap\" data-animation=\"animated no-animation\"><div id=\"ultimate-heading-86256a08341d3ae91\" class=\"uvc-heading ult-adjust-bottom-margin ultimate-heading-86256a08341d3ae91 uvc-7342 \" data-hspacer=\"no_spacer\"  data-halign=\"center\" style=\"text-align:center\"><div class=\"uvc-heading-spacer no_spacer\" style=\"top\"><\/div><div class=\"uvc-main-heading ult-responsive\"  data-ultimate-target='.uvc-heading.ultimate-heading-86256a08341d3ae91 h2'  data-responsive-json-new='{\"font-size\":\"desktop:20px;\",\"line-height\":\"desktop:36px;\"}' ><h2 style=\"font-family:'Raleway';font-weight:normal;\">\u201cLa tendinitis que arrossegava a causa del meu treball, em cap a impossible el dia a dia. Despues d'unes sessions, ja soc una altra.\u201d<\/h2><\/div><\/div><\/div>[vc_empty_space height=&#8221;15px&#8221;][vc_separator color=&#8221;green&#8221; el_width=&#8221;70&#8243;][vc_empty_space height=&#8221;15px&#8221;]<div class=\"ult-item-wrap\" data-animation=\"animated no-animation\"><div id=\"ultimate-heading-25606a08341d3aeb7\" class=\"uvc-heading ult-adjust-bottom-margin ultimate-heading-25606a08341d3aeb7 uvc-8230 \" data-hspacer=\"no_spacer\"  data-halign=\"center\" style=\"text-align:center\"><div class=\"uvc-heading-spacer no_spacer\" style=\"top\"><\/div><div class=\"uvc-main-heading ult-responsive\"  data-ultimate-target='.uvc-heading.ultimate-heading-25606a08341d3aeb7 h2'  data-responsive-json-new='{\"font-size\":\"desktop:23px;\",\"line-height\":\"desktop:32px;\"}' ><h2 style=\"font-weight:normal;\">Marisa<\/h2><\/div><\/div><\/div>[\/vc_column_inner][\/vc_row_inner]<\/div><\/div>            <script type=\"text\/javascript\">\r\n\t\t\t\tjQuery(document).ready(function($){\r\n               \t\t$('.ult-carousel-19110692676a08341d3a9ea').slick({dots: true,autoplaySpeed: 5000,speed: 600,infinite: true,arrows: true,nextArrow: '<button type=\"button\" style=\"color:#8dc63f; font-size:20px;\" class=\"slick-next default\"><i class=\"ultsl-arrow-right6\"><\/i><\/button>',prevArrow: '<button type=\"button\" style=\"color:#8dc63f; font-size:20px;\" class=\"slick-prev default\"><i class=\"ultsl-arrow-left6\"><\/i><\/button>',slidesToScroll:1,slidesToShow:1,swipe: true,draggable: true,touchMove: true,responsive: [\r\n\t\t\t\t\t\t\t{\r\n\t\t\t\t\t\t\t  breakpoint: 1025,\r\n\t\t\t\t\t\t\t  settings: {\r\n\t\t\t\t\t\t\t\tslidesToShow: 1,\r\n\t\t\t\t\t\t\t\tslidesToScroll: 1,  \r\n\t\t\t\t\t\t\t  }\r\n\t\t\t\t\t\t\t},\r\n\t\t\t\t\t\t\t{\r\n\t\t\t\t\t\t\t  breakpoint: 769,\r\n\t\t\t\t\t\t\t  settings: {\r\n\t\t\t\t\t\t\t\tslidesToShow: 1,\r\n\t\t\t\t\t\t\t\tslidesToScroll: 1\r\n\t\t\t\t\t\t\t  }\r\n\t\t\t\t\t\t\t},\r\n\t\t\t\t\t\t\t{\r\n\t\t\t\t\t\t\t  breakpoint: 481,\r\n\t\t\t\t\t\t\t  settings: {\r\n\t\t\t\t\t\t\t\tslidesToShow: 1,\r\n\t\t\t\t\t\t\t\tslidesToScroll: 1\r\n\t\t\t\t\t\t\t  }\r\n\t\t\t\t\t\t\t}\r\n\t\t\t\t\t\t],pauseOnHover: true,\r\n\t\t\t\t\t\tpauseOnDotsHover: true,customPaging: function(slider, i) {\r\n                   return '<i type=\"button\" style=\"color:#8dc63f;\" class=\"ultsl-radio-unchecked\" data-role=\"none\"><\/i>';\r\n                },});\r\n\t\t\t\t});\r\n\t\t\t<\/script>\r\n            [\/vc_column][\/vc_row]<\/p>\n","protected":false},"excerpt":{"rendered":"<p>[vc_row][vc_column][vc_column_text] Ter\u00e0pies per ajudar-te a trobar el cam\u00ed de la salut [\/vc_column_text][\/vc_column][\/vc_row][vc_row][vc_column width=&#8221;1\/2&#8243;][vc_column_text] A Toni Quesada &#8211; Ancestral Energy utilitzem m\u00e8todes de combinaci\u00f3 pr\u00f2pia per abordar multitud de patologies, en moltes ocasions com a suport i en total integraci\u00f3 amb la medicina convencional. [\/vc_column_text][vc_column_text] L&#8217;Acupuntura \u00e9s la ter\u00e0pia m\u00e9s popular del m\u00f3n segons dades de&hellip;<\/p>\n","protected":false},"author":1,"featured_media":0,"parent":0,"menu_order":0,"comment_status":"closed","ping_status":"closed","template":"","meta":[],"_links":{"self":[{"href":"https:\/\/toniquesada.org\/ca\/wp-json\/wp\/v2\/pages\/608"}],"collection":[{"href":"https:\/\/toniquesada.org\/ca\/wp-json\/wp\/v2\/pages"}],"about":[{"href":"https:\/\/toniquesada.org\/ca\/wp-json\/wp\/v2\/types\/page"}],"author":[{"embeddable":true,"href":"https:\/\/toniquesada.org\/ca\/wp-json\/wp\/v2\/users\/1"}],"replies":[{"embeddable":true,"href":"https:\/\/toniquesada.org\/ca\/wp-json\/wp\/v2\/comments?post=608"}],"version-history":[{"count":4,"href":"https:\/\/toniquesada.org\/ca\/wp-json\/wp\/v2\/pages\/608\/revisions"}],"predecessor-version":[{"id":6772,"href":"https:\/\/toniquesada.org\/ca\/wp-json\/wp\/v2\/pages\/608\/revisions\/6772"}],"wp:attachment":[{"href":"https:\/\/toniquesada.org\/ca\/wp-json\/wp\/v2\/media?parent=608"}],"curies":[{"name":"wp","href":"https:\/\/api.w.org\/{rel}","templated":true}]}}