{"id":607,"date":"2016-06-21T10:11:31","date_gmt":"2016-06-21T08:11:31","guid":{"rendered":"http:\/\/toniquesada.org\/ca\/pedir-cita-ancestral-energy\/"},"modified":"2024-06-28T13:57:10","modified_gmt":"2024-06-28T11:57:10","slug":"demanar-cita-ancestral-energy","status":"publish","type":"page","link":"https:\/\/toniquesada.org\/ca\/demanar-cita-ancestral-energy\/","title":{"rendered":"Demanar cita"},"content":{"rendered":"<p>[vc_row][vc_column][vc_column_text]<\/p>\n<h2 class=\"tituloportada\" style=\"text-align: center;\">Estem\u00a0<span class=\"h2verde\">al teu servei<\/span><\/h2>\n<p>[\/vc_column_text][vc_column_text]<\/p>\n<div class=\"bannerquesada\" style=\"text-align: center;\">\n<div class=\"vc_empty_space\" style=\"height: 32px;\"><\/div>\n<p><strong>Demana la teva cita<\/strong> per acudir al nostre centre d&#8217;acupuntura i medicina tradicional xinesa a <a href=\"https:\/\/toniquesada.org\/ca\/centre-acupuntura-manresa-barcelona\/\">Manresa, Barcelona<\/a>.<\/p>\n<p style=\"text-align: center;\">Visita presencial i a dist\u00e0ncia.<\/p>\n<div class=\"vc_empty_space\" style=\"height: 32px;\"><\/div>\n<\/div>\n<p>[\/vc_column_text][\/vc_column][\/vc_row][vc_row][vc_column width=&#8221;1\/2&#8243; css=&#8221;.vc_custom_1473074673781{padding-right: 25px !important;}&#8221;][vc_column_text]<\/p>\n<h3>Si encara no ens coneixem\u2026<\/h3>\n<p>[\/vc_column_text][vc_separator color=&#8221;green&#8221;][vc_column_text]Emplena el formulari per sol\u00b7licitar-nos una cita presencial al nostre centre (Manresa, Barcelona). Et confirmarem la disponibilitat en un termini m\u00e0xim de dos dies laborables<\/p>\n<p>Si ho prefereixes, tamb\u00e9 pots enviar-nos una <a class=\"ncf_trigger_element\" href=\"\/#\/\">consulta online<\/a> per a que et fem arribar una opini\u00f3 pr\u00e8via, sense comprom\u00eds.<\/p>\n<p><strong>Preu primera visita: 50\u20ac<\/strong>[\/vc_column_text]\n<div class=\"wpcf7 no-js\" id=\"wpcf7-f619-o1\" lang=\"es-ES\" dir=\"ltr\">\n<div class=\"screen-reader-response\"><p role=\"status\" aria-live=\"polite\" aria-atomic=\"true\"><\/p> <ul><\/ul><\/div>\n<form action=\"\/ca\/wp-json\/wp\/v2\/pages\/607#wpcf7-f619-o1\" method=\"post\" class=\"wpcf7-form init\" aria-label=\"Formulario de contacto\" novalidate=\"novalidate\" data-status=\"init\">\n<div style=\"display: none;\">\n<input type=\"hidden\" name=\"_wpcf7\" value=\"619\" \/>\n<input type=\"hidden\" name=\"_wpcf7_version\" value=\"5.9.8\" \/>\n<input type=\"hidden\" name=\"_wpcf7_locale\" value=\"es_ES\" \/>\n<input type=\"hidden\" name=\"_wpcf7_unit_tag\" value=\"wpcf7-f619-o1\" \/>\n<input type=\"hidden\" name=\"_wpcf7_container_post\" value=\"0\" \/>\n<input type=\"hidden\" name=\"_wpcf7_posted_data_hash\" value=\"\" \/>\n<\/div>\n<p><label> <strong>Nom<\/strong><br \/>\n<span class=\"wpcf7-form-control-wrap\" data-name=\"nombre\"><input size=\"40\" maxlength=\"400\" class=\"wpcf7-form-control wpcf7-text wpcf7-validates-as-required\" aria-required=\"true\" aria-invalid=\"false\" value=\"\" type=\"text\" name=\"nombre\" \/><\/span> <\/label>\n<\/p>\n<p><label> <strong>Tel\u00e8fon<\/strong><br \/>\n<span class=\"wpcf7-form-control-wrap\" data-name=\"telefono\"><input size=\"40\" maxlength=\"400\" class=\"wpcf7-form-control wpcf7-text wpcf7-validates-as-required\" aria-required=\"true\" aria-invalid=\"false\" value=\"\" type=\"text\" name=\"telefono\" \/><\/span> <\/label>\n<\/p>\n<p><label> <strong>Correu electr\u00f2nic<\/strong><br \/>\n<span class=\"wpcf7-form-control-wrap\" data-name=\"email\"><input size=\"40\" maxlength=\"400\" class=\"wpcf7-form-control wpcf7-email wpcf7-validates-as-required wpcf7-text wpcf7-validates-as-email\" aria-required=\"true\" aria-invalid=\"false\" value=\"\" type=\"email\" name=\"email\" \/><\/span> <\/label>\n<\/p>\n<p><label> <strong>Dia preferent - Horari preferent<\/strong><br \/>\n<span class=\"wpcf7-form-control-wrap fecha\"><input size=\"40\" class=\"wpcf7-form-control wpcf7-datetime wpcf7-date\" type=\"text\" value=\"\" name=\"fecha\" \/> <\/span> <\/label>\n<\/p>\n<p><label> <strong>Si ho desitges, avan\u00e7a'ns de forma breu sobre quin tema tractar\u00e0 la teva consulta<\/strong><br \/>\n<span class=\"wpcf7-form-control-wrap\" data-name=\"mensaje\"><textarea cols=\"20\" rows=\"4\" maxlength=\"2000\" class=\"wpcf7-form-control wpcf7-textarea\" aria-invalid=\"false\" name=\"mensaje\"><\/textarea><\/span> <\/label>\n<\/p>\n<p><span class=\"wpcf7-form-control-wrap\" data-name=\"informacion\"><span class=\"wpcf7-form-control wpcf7-checkbox\"><span class=\"wpcf7-list-item first last\"><input type=\"checkbox\" name=\"informacion[]\" value=\"Autoritzo l&#039;enviament d&#039;informaci\u00f3.\" \/><span class=\"wpcf7-list-item-label\">Autoritzo l&#039;enviament d&#039;informaci\u00f3.<\/span><\/span><\/span><\/span><br \/>\n<span class=\"wpcf7-form-control-wrap\" data-name=\"acepto\"><span class=\"wpcf7-form-control wpcf7-checkbox wpcf7-validates-as-required\"><span class=\"wpcf7-list-item first last\"><input type=\"checkbox\" name=\"acepto[]\" value=\"He llegit i accepto la\" \/><span class=\"wpcf7-list-item-label\">He llegit i accepto la<\/span><\/span><\/span><\/span><a class=\"enlacecontacto\" href=\"\/ca\/politica-de-privacitat\/\">Pol\u00edtica de privacitat<\/a>.<br \/>\n<input class=\"wpcf7-form-control wpcf7-submit has-spinner\" type=\"submit\" value=\"Enviar\" \/>\n<\/p><div class=\"wpcf7-response-output\" aria-hidden=\"true\"><\/div>\n<\/form>\n<\/div>\n[\/vc_column][vc_column width=&#8221;1\/2&#8243; css=&#8221;.vc_custom_1473074681293{padding-left: 25px !important;}&#8221;][vc_column_text]<\/p>\n<h3>Si ja ets usuari d&#8217;en Ancestral Energy\u2026<\/h3>\n<p>[\/vc_column_text][vc_separator color=&#8221;green&#8221;][vc_column_text]Pots demanar-nos una cita presencial de seguiment en la nostra consulta emplenant aquest formulari. Confirmem la disponibilitat de les cites presencials en un termini m\u00e0xim de dos dies laborables.<\/p>\n<p>Tamb\u00e9 pots aclarir els teus dubtes a trav\u00e9s del servei d&#8217;atenci\u00f3 personalitzada a dist\u00e0ncia a l&#8217;<a href=\"https:\/\/toniquesada.org\/ca\/area-pacients-a-distancia\/\">\u00c0rea de usuaris<\/a>.<\/p>\n<p><strong>Preu visita de seguiment: 40\u20ac<\/strong>[\/vc_column_text]\n<div class=\"wpcf7 no-js\" id=\"wpcf7-f618-o2\" lang=\"es-ES\" dir=\"ltr\">\n<div class=\"screen-reader-response\"><p role=\"status\" aria-live=\"polite\" aria-atomic=\"true\"><\/p> <ul><\/ul><\/div>\n<form action=\"\/ca\/wp-json\/wp\/v2\/pages\/607#wpcf7-f618-o2\" method=\"post\" class=\"wpcf7-form init\" aria-label=\"Formulario de contacto\" novalidate=\"novalidate\" data-status=\"init\">\n<div style=\"display: none;\">\n<input type=\"hidden\" name=\"_wpcf7\" value=\"618\" \/>\n<input type=\"hidden\" name=\"_wpcf7_version\" value=\"5.9.8\" \/>\n<input type=\"hidden\" name=\"_wpcf7_locale\" value=\"es_ES\" \/>\n<input type=\"hidden\" name=\"_wpcf7_unit_tag\" value=\"wpcf7-f618-o2\" \/>\n<input type=\"hidden\" name=\"_wpcf7_container_post\" value=\"0\" \/>\n<input type=\"hidden\" name=\"_wpcf7_posted_data_hash\" value=\"\" \/>\n<\/div>\n<p><label> <strong>Nom<\/strong><br \/>\n<span class=\"wpcf7-form-control-wrap\" data-name=\"nombre\"><input size=\"40\" maxlength=\"400\" class=\"wpcf7-form-control wpcf7-text wpcf7-validates-as-required\" aria-required=\"true\" aria-invalid=\"false\" value=\"\" type=\"text\" name=\"nombre\" \/><\/span> <\/label>\n<\/p>\n<p><label> <strong>Tel\u00e8fon<\/strong><br \/>\n<span class=\"wpcf7-form-control-wrap\" data-name=\"telefono\"><input size=\"40\" maxlength=\"400\" class=\"wpcf7-form-control wpcf7-text wpcf7-validates-as-required\" aria-required=\"true\" aria-invalid=\"false\" value=\"\" type=\"text\" name=\"telefono\" \/><\/span> <\/label>\n<\/p>\n<p><label> <strong>Correu electr\u00f2nic<\/strong><br \/>\n<span class=\"wpcf7-form-control-wrap\" data-name=\"email\"><input size=\"40\" maxlength=\"400\" class=\"wpcf7-form-control wpcf7-email wpcf7-validates-as-required wpcf7-text wpcf7-validates-as-email\" aria-required=\"true\" aria-invalid=\"false\" value=\"\" type=\"email\" name=\"email\" \/><\/span> <\/label>\n<\/p>\n<p><label> <strong>Dia preferent - Horari preferent<\/strong><br \/>\n<span class=\"wpcf7-form-control-wrap fecha\"><input size=\"40\" class=\"wpcf7-form-control wpcf7-datetime wpcf7-date\" type=\"text\" value=\"\" name=\"fecha\" \/> <\/span> <\/label>\n<\/p>\n<p><label> <strong>Comentaris<\/strong><br \/>\n<span class=\"wpcf7-form-control-wrap\" data-name=\"mensaje\"><textarea cols=\"20\" rows=\"4\" maxlength=\"2000\" class=\"wpcf7-form-control wpcf7-textarea\" aria-invalid=\"false\" name=\"mensaje\"><\/textarea><\/span> <\/label>\n<\/p>\n<p><span class=\"wpcf7-form-control-wrap\" data-name=\"informacion\"><span class=\"wpcf7-form-control wpcf7-checkbox\"><span class=\"wpcf7-list-item first last\"><input type=\"checkbox\" name=\"informacion[]\" value=\"Autoritzo l&#039;enviament d&#039;informaci\u00f3.\" \/><span class=\"wpcf7-list-item-label\">Autoritzo l&#039;enviament d&#039;informaci\u00f3.<\/span><\/span><\/span><\/span><br \/>\n<span class=\"wpcf7-form-control-wrap\" data-name=\"acepto\"><span class=\"wpcf7-form-control wpcf7-checkbox wpcf7-validates-as-required\"><span class=\"wpcf7-list-item first last\"><input type=\"checkbox\" name=\"acepto[]\" value=\"He llegit i accepto la\" \/><span class=\"wpcf7-list-item-label\">He llegit i accepto la<\/span><\/span><\/span><\/span><a class=\"enlacecontacto\" href=\"\/ca\/politica-de-privacitat\/\">Pol\u00edtica de privacitat<\/a>.<br \/>\n<input class=\"wpcf7-form-control wpcf7-submit has-spinner\" type=\"submit\" value=\"Enviar\" \/>\n<\/p><div class=\"wpcf7-response-output\" aria-hidden=\"true\"><\/div>\n<\/form>\n<\/div>\n[\/vc_column][\/vc_row][vc_row][vc_column]<div id=\"ult-carousel-129457853869f5b2494e01c\" class=\"ult-carousel-wrapper   ult_horizontal\" data-gutter=\"15\" data-rtl=\"false\" ><div class=\"ult-carousel-171052695369f5b2494de99 \" ><\/div><\/div>            <script type=\"text\/javascript\">\r\n\t\t\t\tjQuery(document).ready(function($){\r\n               \t\t$('.ult-carousel-171052695369f5b2494de99').slick({dots: true,autoplay: true,autoplaySpeed: 5000,speed: 300,infinite: true,arrows: true,nextArrow: '<button type=\"button\" style=\"color:#333333; font-size:20px;\" class=\"slick-next default\"><i class=\"ultsl-arrow-right4\"><\/i><\/button>',prevArrow: '<button type=\"button\" style=\"color:#333333; font-size:20px;\" class=\"slick-prev default\"><i class=\"ultsl-arrow-left4\"><\/i><\/button>',slidesToScroll:5,slidesToShow:5,swipe: true,draggable: true,touchMove: true,responsive: [\r\n\t\t\t\t\t\t\t{\r\n\t\t\t\t\t\t\t  breakpoint: 1025,\r\n\t\t\t\t\t\t\t  settings: {\r\n\t\t\t\t\t\t\t\tslidesToShow: 5,\r\n\t\t\t\t\t\t\t\tslidesToScroll: 5,  \r\n\t\t\t\t\t\t\t  }\r\n\t\t\t\t\t\t\t},\r\n\t\t\t\t\t\t\t{\r\n\t\t\t\t\t\t\t  breakpoint: 769,\r\n\t\t\t\t\t\t\t  settings: {\r\n\t\t\t\t\t\t\t\tslidesToShow: 3,\r\n\t\t\t\t\t\t\t\tslidesToScroll: 3\r\n\t\t\t\t\t\t\t  }\r\n\t\t\t\t\t\t\t},\r\n\t\t\t\t\t\t\t{\r\n\t\t\t\t\t\t\t  breakpoint: 481,\r\n\t\t\t\t\t\t\t  settings: {\r\n\t\t\t\t\t\t\t\tslidesToShow: 2,\r\n\t\t\t\t\t\t\t\tslidesToScroll: 2\r\n\t\t\t\t\t\t\t  }\r\n\t\t\t\t\t\t\t}\r\n\t\t\t\t\t\t],pauseOnHover: true,\r\n\t\t\t\t\t\tpauseOnDotsHover: true,customPaging: function(slider, i) {\r\n                   return '<i type=\"button\" style=\"color:#333333;\" class=\"ultsl-record\" data-role=\"none\"><\/i>';\r\n                },});\r\n\t\t\t\t});\r\n\t\t\t<\/script>\r\n            [\/vc_column][\/vc_row]<\/p>\n","protected":false},"excerpt":{"rendered":"<p>[vc_row][vc_column][vc_column_text] Estem\u00a0al teu servei [\/vc_column_text][vc_column_text] Demana la teva cita per acudir al nostre centre d&#8217;acupuntura i medicina tradicional xinesa a Manresa, Barcelona. Visita presencial i a dist\u00e0ncia. [\/vc_column_text][\/vc_column][\/vc_row][vc_row][vc_column width=&#8221;1\/2&#8243; css=&#8221;.vc_custom_1473074673781{padding-right: 25px !important;}&#8221;][vc_column_text] Si encara no ens coneixem\u2026 [\/vc_column_text][vc_separator color=&#8221;green&#8221;][vc_column_text]Emplena el formulari per sol\u00b7licitar-nos una cita presencial al nostre centre (Manresa, Barcelona). Et confirmarem la disponibilitat&hellip;<\/p>\n","protected":false},"author":1,"featured_media":0,"parent":0,"menu_order":0,"comment_status":"closed","ping_status":"closed","template":"","meta":[],"_links":{"self":[{"href":"https:\/\/toniquesada.org\/ca\/wp-json\/wp\/v2\/pages\/607"}],"collection":[{"href":"https:\/\/toniquesada.org\/ca\/wp-json\/wp\/v2\/pages"}],"about":[{"href":"https:\/\/toniquesada.org\/ca\/wp-json\/wp\/v2\/types\/page"}],"author":[{"embeddable":true,"href":"https:\/\/toniquesada.org\/ca\/wp-json\/wp\/v2\/users\/1"}],"replies":[{"embeddable":true,"href":"https:\/\/toniquesada.org\/ca\/wp-json\/wp\/v2\/comments?post=607"}],"version-history":[{"count":8,"href":"https:\/\/toniquesada.org\/ca\/wp-json\/wp\/v2\/pages\/607\/revisions"}],"predecessor-version":[{"id":6725,"href":"https:\/\/toniquesada.org\/ca\/wp-json\/wp\/v2\/pages\/607\/revisions\/6725"}],"wp:attachment":[{"href":"https:\/\/toniquesada.org\/ca\/wp-json\/wp\/v2\/media?parent=607"}],"curies":[{"name":"wp","href":"https:\/\/api.w.org\/{rel}","templated":true}]}}