{"id":601,"date":"2016-06-21T10:10:43","date_gmt":"2016-06-21T08:10:43","guid":{"rendered":"http:\/\/toniquesada.org\/ca\/consejos-terapias-naturales\/"},"modified":"2024-07-01T12:23:12","modified_gmt":"2024-07-01T10:23:12","slug":"consells-terapies-naturals","status":"publish","type":"page","link":"https:\/\/toniquesada.org\/ca\/consells-terapies-naturals\/","title":{"rendered":"Consells"},"content":{"rendered":"<p>[vc_row][vc_column][vc_column_text]<\/p>\n<h2 class=\"tituloportada\" style=\"text-align: center;\">Consells per a la teva salut <span class=\"h2verde\">i el teu benestar<\/span><\/h2>\n<p>[\/vc_column_text][vc_column_text]<\/p>\n<p style=\"text-align: justify;\">En aquest espai <strong>publiquem articles amb consells, comentaris i la nostra opini\u00f3 sobre alguns canvis senzills que pots realitzar per millorar el teu benestar personal<\/strong>: petits canvis en els teus h\u00e0bits i en els teus costums, que t&#8217;ajudaran a millorar la teva salut integral.<\/p>\n<p style=\"text-align: justify;\">I aqu\u00ed tens el nostre primer consell, abans que segueixis llegint: <strong>la millor decisi\u00f3 que pots prendre en la vida \u00e9s cuidar la teva salut abans de perdre-la<\/strong>. Per a aix\u00f2, reserva cada dia uns minuts per relaxar-te i connectar amb les teves emocions. <strong>Si necessites ajuda per aconseguir-ho, visita el nostre <a href=\"https:\/\/toniquesada.org\/ca\/chillout-virtual\/\">ChillOut Virtual<\/a><\/strong>.<\/p>\n<p>[\/vc_column_text][vc_column_text]<\/p>\n<h3><strong>\u00abUn nou impuls a les MTCI amb les estrat\u00e8gia 2025-2034 de l&#8217;OMS\u00bb<\/strong><\/h3>\n<p>[\/vc_column_text][rev_slider_vc alias=&#8221;mtci-2024-2035&#8243;][vc_column_text]<\/p>\n<h3><strong>Congr\u00e9s &#8220;Efic\u00e0cia, Qualitat, Acceptaci\u00f3 i Regulaci\u00f3 de les Medicines Tradicionals, Complement\u00e0ries i Integratives&#8221;<\/strong><\/h3>\n<p>[\/vc_column_text][rev_slider_vc alias=&#8221;video-congreso&#8221;][\/vc_column][\/vc_row][vc_row][vc_column]<div id=\"ult-carousel-136487270769daa33676d17\" class=\"ult-carousel-wrapper   ult_horizontal\" data-gutter=\"15\" data-rtl=\"false\" ><div class=\"ult-carousel-1033110569daa33676c49 \" ><\/div><\/div>            <script type=\"text\/javascript\">\r\n\t\t\t\tjQuery(document).ready(function($){\r\n               \t\t$('.ult-carousel-1033110569daa33676c49').slick({dots: true,autoplay: true,autoplaySpeed: 5000,speed: 300,infinite: true,arrows: true,nextArrow: '<button type=\"button\" style=\"color:#333333; font-size:20px;\" class=\"slick-next default\"><i class=\"ultsl-arrow-right4\"><\/i><\/button>',prevArrow: '<button type=\"button\" style=\"color:#333333; font-size:20px;\" class=\"slick-prev default\"><i class=\"ultsl-arrow-left4\"><\/i><\/button>',slidesToScroll:5,slidesToShow:5,swipe: true,draggable: true,touchMove: true,responsive: [\r\n\t\t\t\t\t\t\t{\r\n\t\t\t\t\t\t\t  breakpoint: 1025,\r\n\t\t\t\t\t\t\t  settings: {\r\n\t\t\t\t\t\t\t\tslidesToShow: 5,\r\n\t\t\t\t\t\t\t\tslidesToScroll: 5,  \r\n\t\t\t\t\t\t\t  }\r\n\t\t\t\t\t\t\t},\r\n\t\t\t\t\t\t\t{\r\n\t\t\t\t\t\t\t  breakpoint: 769,\r\n\t\t\t\t\t\t\t  settings: {\r\n\t\t\t\t\t\t\t\tslidesToShow: 3,\r\n\t\t\t\t\t\t\t\tslidesToScroll: 3\r\n\t\t\t\t\t\t\t  }\r\n\t\t\t\t\t\t\t},\r\n\t\t\t\t\t\t\t{\r\n\t\t\t\t\t\t\t  breakpoint: 481,\r\n\t\t\t\t\t\t\t  settings: {\r\n\t\t\t\t\t\t\t\tslidesToShow: 2,\r\n\t\t\t\t\t\t\t\tslidesToScroll: 2\r\n\t\t\t\t\t\t\t  }\r\n\t\t\t\t\t\t\t}\r\n\t\t\t\t\t\t],pauseOnHover: true,\r\n\t\t\t\t\t\tpauseOnDotsHover: true,customPaging: function(slider, i) {\r\n                   return '<i type=\"button\" style=\"color:#333333;\" class=\"ultsl-record\" data-role=\"none\"><\/i>';\r\n                },});\r\n\t\t\t\t});\r\n\t\t\t<\/script>\r\n            [\/vc_column][\/vc_row]<\/p>\n","protected":false},"excerpt":{"rendered":"<p>[vc_row][vc_column][vc_column_text] Consells per a la teva salut i el teu benestar [\/vc_column_text][vc_column_text] En aquest espai publiquem articles amb consells, comentaris i la nostra opini\u00f3 sobre alguns canvis senzills que pots realitzar per millorar el teu benestar personal: petits canvis en els teus h\u00e0bits i en els teus costums, que t&#8217;ajudaran a millorar la teva salut&hellip;<\/p>\n","protected":false},"author":1,"featured_media":0,"parent":0,"menu_order":0,"comment_status":"closed","ping_status":"closed","template":"template-blog-masonry.php","meta":[],"_links":{"self":[{"href":"https:\/\/toniquesada.org\/ca\/wp-json\/wp\/v2\/pages\/601"}],"collection":[{"href":"https:\/\/toniquesada.org\/ca\/wp-json\/wp\/v2\/pages"}],"about":[{"href":"https:\/\/toniquesada.org\/ca\/wp-json\/wp\/v2\/types\/page"}],"author":[{"embeddable":true,"href":"https:\/\/toniquesada.org\/ca\/wp-json\/wp\/v2\/users\/1"}],"replies":[{"embeddable":true,"href":"https:\/\/toniquesada.org\/ca\/wp-json\/wp\/v2\/comments?post=601"}],"version-history":[{"count":7,"href":"https:\/\/toniquesada.org\/ca\/wp-json\/wp\/v2\/pages\/601\/revisions"}],"predecessor-version":[{"id":6783,"href":"https:\/\/toniquesada.org\/ca\/wp-json\/wp\/v2\/pages\/601\/revisions\/6783"}],"wp:attachment":[{"href":"https:\/\/toniquesada.org\/ca\/wp-json\/wp\/v2\/media?parent=601"}],"curies":[{"name":"wp","href":"https:\/\/api.w.org\/{rel}","templated":true}]}}