{"id":595,"date":"2016-06-21T10:11:46","date_gmt":"2016-06-21T08:11:46","guid":{"rendered":"http:\/\/toniquesada.org\/ca\/chillout-virtual\/"},"modified":"2024-07-01T11:13:46","modified_gmt":"2024-07-01T09:13:46","slug":"chillout-virtual","status":"publish","type":"page","link":"https:\/\/toniquesada.org\/ca\/chillout-virtual\/","title":{"rendered":"Chillout Virtual"},"content":{"rendered":"<p>[vc_row][vc_column][vc_column_text]<\/p>\n<h2 class=\"tituloportada\" style=\"text-align: center;\">Chillout virtual d&#8217;en<br \/>\n<span class=\"h2verde\">Toni Quesada<\/span><\/h2>\n<p>[\/vc_column_text][\/vc_column][\/vc_row][vc_row][vc_column][vc_column_text]La veritable salut comen\u00e7a en el nostre pl\u00e0nol emocional. Els bloquejos mentals i espirituals s&#8217;acaben reflectint -abans o despr\u00e9s- en el pl\u00e0nol f\u00edsic. La malaltia no solament s\u00f3n dol\u00e8ncies, tamb\u00e9 \u00e9s malestar emocional. Per aix\u00f2, cuidar l&#8217;estat de les nostres emocions i alliberar les tensions, \u00e9s l&#8217;acci\u00f3 m\u00e9s senzilla que pots aprendre per protegir la teva salut.<\/p>\n<div class=\"vc_empty_space\" style=\"height: 32px;\"><\/div>\n<div class=\"bannerquesada\" style=\"text-align: center;\">\n<div class=\"vc_empty_space\" style=\"height: 12px;\"><\/div>\n<p>La millor decisi\u00f3 que pots prendre \u00e9s comen\u00e7ar a cuidar la teva salut abans de perdre-la: dedica un temps per a tu cada dia, desconnecta de l&#8217;estr\u00e8s que t&#8217;envolta i connecta&#8217;t amb les teves emocions.<\/p>\n<p style=\"text-align: center;\">Si necessites ajuda per aconseguir-ho, pots utilitzar els recursos que anem compartint en aquest chillout virtual.<\/p>\n<div class=\"vc_empty_space\" style=\"height: 12px;\"><\/div>\n<\/div>\n<p>[\/vc_column_text][\/vc_column][\/vc_row][vc_row][vc_column width=&#8221;1\/3&#8243;][vc_column_text]<\/p>\n<h3 style=\"font-size: 21px;\"><strong>Ones GAMMA.<br \/>\nPer a l&#8217;Expansi\u00f3 de la Consci\u00e8ncia.<\/strong><\/h3>\n<p>[\/vc_column_text][vc_separator color=&#8221;green&#8221;][vc_raw_html]JTNDaWZyYW1lJTIwd2lkdGglM0QlMjI1NjAlMjIlMjBoZWlnaHQlM0QlMjIzMTUlMjIlMjBzcmMlM0QlMjJodHRwcyUzQSUyRiUyRnd3dy55b3V0dWJlLmNvbSUyRmVtYmVkJTJGeEZDNXBuekRIZ00lM0ZzaSUzRHJxX1E4OEhKVlZDR2JIOXYlMjIlMjB0aXRsZSUzRCUyMllvdVR1YmUlMjB2aWRlbyUyMHBsYXllciUyMiUyMGZyYW1lYm9yZGVyJTNEJTIyMCUyMiUyMGFsbG93JTNEJTIyYWNjZWxlcm9tZXRlciUzQiUyMGF1dG9wbGF5JTNCJTIwY2xpcGJvYXJkLXdyaXRlJTNCJTIwZW5jcnlwdGVkLW1lZGlhJTNCJTIwZ3lyb3Njb3BlJTNCJTIwcGljdHVyZS1pbi1waWN0dXJlJTNCJTIwd2ViLXNoYXJlJTIyJTIwcmVmZXJyZXJwb2xpY3klM0QlMjJzdHJpY3Qtb3JpZ2luLXdoZW4tY3Jvc3Mtb3JpZ2luJTIyJTIwYWxsb3dmdWxsc2NyZWVuJTNFJTNDJTJGaWZyYW1lJTNF[\/vc_raw_html][\/vc_column][vc_column width=&#8221;1\/3&#8243;][vc_column_text]<\/p>\n<h3 style=\"font-size: 21px;\"><strong>Ones BETA:<br \/>\nEstimulen la Concentraci\u00f3.<\/strong><\/h3>\n<p>[\/vc_column_text][vc_separator color=&#8221;green&#8221;][vc_raw_html]JTNDaWZyYW1lJTIwd2lkdGglM0QlMjI1NjAlMjIlMjBoZWlnaHQlM0QlMjIzMTUlMjIlMjBzcmMlM0QlMjJodHRwcyUzQSUyRiUyRnd3dy55b3V0dWJlLmNvbSUyRmVtYmVkJTJGbVRFbkxSeWxkZUUlM0ZzaSUzRGhHcmhwc0NrOTlYeGhEN1UlMjIlMjB0aXRsZSUzRCUyMllvdVR1YmUlMjB2aWRlbyUyMHBsYXllciUyMiUyMGZyYW1lYm9yZGVyJTNEJTIyMCUyMiUyMGFsbG93JTNEJTIyYWNjZWxlcm9tZXRlciUzQiUyMGF1dG9wbGF5JTNCJTIwY2xpcGJvYXJkLXdyaXRlJTNCJTIwZW5jcnlwdGVkLW1lZGlhJTNCJTIwZ3lyb3Njb3BlJTNCJTIwcGljdHVyZS1pbi1waWN0dXJlJTNCJTIwd2ViLXNoYXJlJTIyJTIwcmVmZXJyZXJwb2xpY3klM0QlMjJzdHJpY3Qtb3JpZ2luLXdoZW4tY3Jvc3Mtb3JpZ2luJTIyJTIwYWxsb3dmdWxsc2NyZWVuJTNFJTNDJTJGaWZyYW1lJTNFJTBBJTBB[\/vc_raw_html][\/vc_column][vc_column width=&#8221;1\/3&#8243;][vc_column_text]<\/p>\n<h3 style=\"font-size: 21px;\"><strong>Ones ALFA:<br \/>\nPer a Relaxar-se i Visualitzar.<\/strong><\/h3>\n<p>[\/vc_column_text][vc_separator color=&#8221;green&#8221;][vc_raw_html]JTNDaWZyYW1lJTIwd2lkdGglM0QlMjI1NjAlMjIlMjBoZWlnaHQlM0QlMjIzMTUlMjIlMjBzcmMlM0QlMjJodHRwcyUzQSUyRiUyRnd3dy55b3V0dWJlLmNvbSUyRmVtYmVkJTJGUHF4QzBZVDJCZVUlM0ZzaSUzRFNDX1V5N2xlSHlxcUtrbnYlMjIlMjB0aXRsZSUzRCUyMllvdVR1YmUlMjB2aWRlbyUyMHBsYXllciUyMiUyMGZyYW1lYm9yZGVyJTNEJTIyMCUyMiUyMGFsbG93JTNEJTIyYWNjZWxlcm9tZXRlciUzQiUyMGF1dG9wbGF5JTNCJTIwY2xpcGJvYXJkLXdyaXRlJTNCJTIwZW5jcnlwdGVkLW1lZGlhJTNCJTIwZ3lyb3Njb3BlJTNCJTIwcGljdHVyZS1pbi1waWN0dXJlJTNCJTIwd2ViLXNoYXJlJTIyJTIwcmVmZXJyZXJwb2xpY3klM0QlMjJzdHJpY3Qtb3JpZ2luLXdoZW4tY3Jvc3Mtb3JpZ2luJTIyJTIwYWxsb3dmdWxsc2NyZWVuJTNFJTNDJTJGaWZyYW1lJTNF[\/vc_raw_html][\/vc_column][\/vc_row][vc_row][vc_column width=&#8221;1\/2&#8243;][vc_column_text]<\/p>\n<h3 style=\"font-size: 21px;\"><strong>Ones THETA:<br \/>\nPer a la Meditaci\u00f3 Profunda.<\/strong><\/h3>\n<p>[\/vc_column_text][vc_separator color=&#8221;green&#8221;][vc_raw_html]JTNDaWZyYW1lJTIwd2lkdGglM0QlMjI1NjAlMjIlMjBoZWlnaHQlM0QlMjIzMTUlMjIlMjBzcmMlM0QlMjJodHRwcyUzQSUyRiUyRnd3dy55b3V0dWJlLmNvbSUyRmVtYmVkJTJGV1lkYjNWNWZjN0klM0ZzaSUzRDAzeGxjdHA4aE1zMVBqY1klMjIlMjB0aXRsZSUzRCUyMllvdVR1YmUlMjB2aWRlbyUyMHBsYXllciUyMiUyMGZyYW1lYm9yZGVyJTNEJTIyMCUyMiUyMGFsbG93JTNEJTIyYWNjZWxlcm9tZXRlciUzQiUyMGF1dG9wbGF5JTNCJTIwY2xpcGJvYXJkLXdyaXRlJTNCJTIwZW5jcnlwdGVkLW1lZGlhJTNCJTIwZ3lyb3Njb3BlJTNCJTIwcGljdHVyZS1pbi1waWN0dXJlJTNCJTIwd2ViLXNoYXJlJTIyJTIwcmVmZXJyZXJwb2xpY3klM0QlMjJzdHJpY3Qtb3JpZ2luLXdoZW4tY3Jvc3Mtb3JpZ2luJTIyJTIwYWxsb3dmdWxsc2NyZWVuJTNFJTNDJTJGaWZyYW1lJTNFJTBB[\/vc_raw_html][\/vc_column][vc_column width=&#8221;1\/2&#8243;][vc_column_text]<\/p>\n<h3 style=\"font-size: 21px;\"><strong>Ones DELTA:<br \/>\nPer a arribar a la fase REM i Estimular el Descans Profund.<\/strong><\/h3>\n<p>[\/vc_column_text][vc_separator color=&#8221;green&#8221;][vc_raw_html]JTNDaWZyYW1lJTIwd2lkdGglM0QlMjI1NjAlMjIlMjBoZWlnaHQlM0QlMjIzMTUlMjIlMjBzcmMlM0QlMjJodHRwcyUzQSUyRiUyRnd3dy55b3V0dWJlLmNvbSUyRmVtYmVkJTJGcUtHU1pkUlpYYjQlM0ZzaSUzRDR5V2VVeXFuSVpPdUVpVTclMjIlMjB0aXRsZSUzRCUyMllvdVR1YmUlMjB2aWRlbyUyMHBsYXllciUyMiUyMGZyYW1lYm9yZGVyJTNEJTIyMCUyMiUyMGFsbG93JTNEJTIyYWNjZWxlcm9tZXRlciUzQiUyMGF1dG9wbGF5JTNCJTIwY2xpcGJvYXJkLXdyaXRlJTNCJTIwZW5jcnlwdGVkLW1lZGlhJTNCJTIwZ3lyb3Njb3BlJTNCJTIwcGljdHVyZS1pbi1waWN0dXJlJTNCJTIwd2ViLXNoYXJlJTIyJTIwcmVmZXJyZXJwb2xpY3klM0QlMjJzdHJpY3Qtb3JpZ2luLXdoZW4tY3Jvc3Mtb3JpZ2luJTIyJTIwYWxsb3dmdWxsc2NyZWVuJTNFJTNDJTJGaWZyYW1lJTNFJTBB[\/vc_raw_html][\/vc_column][\/vc_row][vc_row][vc_column css=&#8221;.vc_custom_1473085525099{margin-top: -100px !important;}&#8221;]<div id=\"ult-carousel-139557912469f31dbc7c1e9\" class=\"ult-carousel-wrapper  vc_custom_1473085452766  ult_horizontal\" data-gutter=\"15\" data-rtl=\"false\" ><div class=\"ult-carousel-92632567269f31dbc7c122 \" ><\/div><\/div>            <script type=\"text\/javascript\">\r\n\t\t\t\tjQuery(document).ready(function($){\r\n               \t\t$('.ult-carousel-92632567269f31dbc7c122').slick({dots: true,autoplay: true,autoplaySpeed: 5000,speed: 300,infinite: true,arrows: true,nextArrow: '<button type=\"button\" style=\"color:#333333; font-size:20px;\" class=\"slick-next default\"><i class=\"ultsl-arrow-right4\"><\/i><\/button>',prevArrow: '<button type=\"button\" style=\"color:#333333; font-size:20px;\" class=\"slick-prev default\"><i class=\"ultsl-arrow-left4\"><\/i><\/button>',slidesToScroll:5,slidesToShow:5,swipe: true,draggable: true,touchMove: true,responsive: [\r\n\t\t\t\t\t\t\t{\r\n\t\t\t\t\t\t\t  breakpoint: 1025,\r\n\t\t\t\t\t\t\t  settings: {\r\n\t\t\t\t\t\t\t\tslidesToShow: 5,\r\n\t\t\t\t\t\t\t\tslidesToScroll: 5,  \r\n\t\t\t\t\t\t\t  }\r\n\t\t\t\t\t\t\t},\r\n\t\t\t\t\t\t\t{\r\n\t\t\t\t\t\t\t  breakpoint: 769,\r\n\t\t\t\t\t\t\t  settings: {\r\n\t\t\t\t\t\t\t\tslidesToShow: 3,\r\n\t\t\t\t\t\t\t\tslidesToScroll: 3\r\n\t\t\t\t\t\t\t  }\r\n\t\t\t\t\t\t\t},\r\n\t\t\t\t\t\t\t{\r\n\t\t\t\t\t\t\t  breakpoint: 481,\r\n\t\t\t\t\t\t\t  settings: {\r\n\t\t\t\t\t\t\t\tslidesToShow: 2,\r\n\t\t\t\t\t\t\t\tslidesToScroll: 2\r\n\t\t\t\t\t\t\t  }\r\n\t\t\t\t\t\t\t}\r\n\t\t\t\t\t\t],pauseOnHover: true,\r\n\t\t\t\t\t\tpauseOnDotsHover: true,customPaging: function(slider, i) {\r\n                   return '<i type=\"button\" style=\"color:#333333;\" class=\"ultsl-record\" data-role=\"none\"><\/i>';\r\n                },});\r\n\t\t\t\t});\r\n\t\t\t<\/script>\r\n            [\/vc_column][\/vc_row]<\/p>\n","protected":false},"excerpt":{"rendered":"<p>[vc_row][vc_column][vc_column_text] Chillout virtual d&#8217;en Toni Quesada [\/vc_column_text][\/vc_column][\/vc_row][vc_row][vc_column][vc_column_text]La veritable salut comen\u00e7a en el nostre pl\u00e0nol emocional. Els bloquejos mentals i espirituals s&#8217;acaben reflectint -abans o despr\u00e9s- en el pl\u00e0nol f\u00edsic. La malaltia no solament s\u00f3n dol\u00e8ncies, tamb\u00e9 \u00e9s malestar emocional. Per aix\u00f2, cuidar l&#8217;estat de les nostres emocions i alliberar les tensions, \u00e9s l&#8217;acci\u00f3 m\u00e9s senzilla&hellip;<\/p>\n","protected":false},"author":1,"featured_media":0,"parent":0,"menu_order":0,"comment_status":"closed","ping_status":"closed","template":"","meta":[],"_links":{"self":[{"href":"https:\/\/toniquesada.org\/ca\/wp-json\/wp\/v2\/pages\/595"}],"collection":[{"href":"https:\/\/toniquesada.org\/ca\/wp-json\/wp\/v2\/pages"}],"about":[{"href":"https:\/\/toniquesada.org\/ca\/wp-json\/wp\/v2\/types\/page"}],"author":[{"embeddable":true,"href":"https:\/\/toniquesada.org\/ca\/wp-json\/wp\/v2\/users\/1"}],"replies":[{"embeddable":true,"href":"https:\/\/toniquesada.org\/ca\/wp-json\/wp\/v2\/comments?post=595"}],"version-history":[{"count":4,"href":"https:\/\/toniquesada.org\/ca\/wp-json\/wp\/v2\/pages\/595\/revisions"}],"predecessor-version":[{"id":6763,"href":"https:\/\/toniquesada.org\/ca\/wp-json\/wp\/v2\/pages\/595\/revisions\/6763"}],"wp:attachment":[{"href":"https:\/\/toniquesada.org\/ca\/wp-json\/wp\/v2\/media?parent=595"}],"curies":[{"name":"wp","href":"https:\/\/api.w.org\/{rel}","templated":true}]}}