{"id":589,"date":"2016-06-21T10:10:57","date_gmt":"2016-06-21T08:10:57","guid":{"rendered":"http:\/\/toniquesada.org\/ca\/agenda-actividades-grupales\/"},"modified":"2016-12-01T17:47:05","modified_gmt":"2016-12-01T16:47:05","slug":"agenda-activitats-grupals","status":"publish","type":"page","link":"https:\/\/toniquesada.org\/ca\/agenda-activitats-grupals\/","title":{"rendered":"Agenda"},"content":{"rendered":"<p>[vc_row][vc_column][vc_column_text]<\/p>\n<h2 class=\"tituloportada\" style=\"text-align: center;\">Cursos, pon\u00e8ncies <span class=\"h2verde\">i activitats grupals<\/span><\/h2>\n<p>[\/vc_column_text][vc_column_text]En <strong>Toni Quesada<\/strong> comparteix els seus coneixements sobre ter\u00e0pies naturals i benestar per mitj\u00e0 de cursos, pon\u00e8ncies i altres activitats grupals a les quals pots assistir sense cap comprom\u00eds.<\/p>\n<p>Aqu\u00ed trobar\u00e0s els propers esdeveniments programats.[\/vc_column_text][\/vc_column][\/vc_row][vc_row][vc_column][vc_column_text]<div class=\"em em-view-container\" id=\"em-view-284148761\" data-view=\"list-grouped\">\r\n\t<div class=\"em pixelbones em-list em-events-list em-events-list-grouped\" id=\"em-events-list-grouped-284148761\">\r\n\t<h2>nov. 2024<\/h2><table cellpadding=\"0\" cellspacing=\"0\" class=\"events-table\" >\r\n    <thead>\r\n        <tr>\r\n\t\t\t<th class=\"event-time\" width=\"150\">Data\/Hora<\/th>\r\n\t\t\t<th class=\"event-description\" width=\"*\">Event<\/th>\r\n\t\t<\/tr>\r\n   \t<\/thead>\r\n    <tbody><tr>\r\n\t\t\t<td>\r\n                22\/11\/2024<br\/>\r\n                3:30 pm - 7:30 pm\r\n            <\/td>\r\n            <td>\r\n                <a href=\"https:\/\/toniquesada.org\/ca\/agenda-actividades-grupales\/i-jornada-de-medicina-integrativa-de-la-catalunya-central-present-i-futur-de-labordage-integratiu-de-la-salut-un-enfocament-multidisciplinari\/\">I Jornada de medicina integrativa de la Catalunya central. Present i futur de l\u2019abordage integratiu de la salut. Un enfocament multidisciplinari.<\/a>\r\n                \r\n            <\/td>\r\n        <\/tr><\/tbody><\/table>\t<\/div>\r\n<\/div>[\/vc_column_text][\/vc_column][\/vc_row][vc_row][vc_column]<div id=\"ult-carousel-83086531469f1c1b5d70f0\" class=\"ult-carousel-wrapper   ult_horizontal\" data-gutter=\"15\" data-rtl=\"false\" ><div class=\"ult-carousel-36928490769f1c1b5d7001 \" ><\/div><\/div>            <script type=\"text\/javascript\">\r\n\t\t\t\tjQuery(document).ready(function($){\r\n               \t\t$('.ult-carousel-36928490769f1c1b5d7001').slick({dots: true,autoplay: true,autoplaySpeed: 5000,speed: 300,infinite: true,arrows: true,nextArrow: '<button type=\"button\" style=\"color:#333333; font-size:20px;\" class=\"slick-next default\"><i class=\"ultsl-arrow-right4\"><\/i><\/button>',prevArrow: '<button type=\"button\" style=\"color:#333333; font-size:20px;\" class=\"slick-prev default\"><i class=\"ultsl-arrow-left4\"><\/i><\/button>',slidesToScroll:5,slidesToShow:5,swipe: true,draggable: true,touchMove: true,responsive: [\r\n\t\t\t\t\t\t\t{\r\n\t\t\t\t\t\t\t  breakpoint: 1025,\r\n\t\t\t\t\t\t\t  settings: {\r\n\t\t\t\t\t\t\t\tslidesToShow: 5,\r\n\t\t\t\t\t\t\t\tslidesToScroll: 5,  \r\n\t\t\t\t\t\t\t  }\r\n\t\t\t\t\t\t\t},\r\n\t\t\t\t\t\t\t{\r\n\t\t\t\t\t\t\t  breakpoint: 769,\r\n\t\t\t\t\t\t\t  settings: {\r\n\t\t\t\t\t\t\t\tslidesToShow: 3,\r\n\t\t\t\t\t\t\t\tslidesToScroll: 3\r\n\t\t\t\t\t\t\t  }\r\n\t\t\t\t\t\t\t},\r\n\t\t\t\t\t\t\t{\r\n\t\t\t\t\t\t\t  breakpoint: 481,\r\n\t\t\t\t\t\t\t  settings: {\r\n\t\t\t\t\t\t\t\tslidesToShow: 2,\r\n\t\t\t\t\t\t\t\tslidesToScroll: 2\r\n\t\t\t\t\t\t\t  }\r\n\t\t\t\t\t\t\t}\r\n\t\t\t\t\t\t],pauseOnHover: true,\r\n\t\t\t\t\t\tpauseOnDotsHover: true,customPaging: function(slider, i) {\r\n                   return '<i type=\"button\" style=\"color:#333333;\" class=\"ultsl-record\" data-role=\"none\"><\/i>';\r\n                },});\r\n\t\t\t\t});\r\n\t\t\t<\/script>\r\n            [\/vc_column][\/vc_row]<\/p>\n","protected":false},"excerpt":{"rendered":"<p>[vc_row][vc_column][vc_column_text] Cursos, pon\u00e8ncies i activitats grupals [\/vc_column_text][vc_column_text]En Toni Quesada comparteix els seus coneixements sobre ter\u00e0pies naturals i benestar per mitj\u00e0 de cursos, pon\u00e8ncies i altres activitats grupals a les quals pots assistir sense cap comprom\u00eds. Aqu\u00ed trobar\u00e0s els propers esdeveniments programats.[\/vc_column_text][\/vc_column][\/vc_row][vc_row][vc_column][vc_column_text][\/vc_column_text][\/vc_column][\/vc_row][vc_row][vc_column][\/vc_column][\/vc_row]<\/p>\n","protected":false},"author":1,"featured_media":0,"parent":0,"menu_order":0,"comment_status":"closed","ping_status":"closed","template":"","meta":[],"_links":{"self":[{"href":"https:\/\/toniquesada.org\/ca\/wp-json\/wp\/v2\/pages\/589"}],"collection":[{"href":"https:\/\/toniquesada.org\/ca\/wp-json\/wp\/v2\/pages"}],"about":[{"href":"https:\/\/toniquesada.org\/ca\/wp-json\/wp\/v2\/types\/page"}],"author":[{"embeddable":true,"href":"https:\/\/toniquesada.org\/ca\/wp-json\/wp\/v2\/users\/1"}],"replies":[{"embeddable":true,"href":"https:\/\/toniquesada.org\/ca\/wp-json\/wp\/v2\/comments?post=589"}],"version-history":[{"count":2,"href":"https:\/\/toniquesada.org\/ca\/wp-json\/wp\/v2\/pages\/589\/revisions"}],"predecessor-version":[{"id":590,"href":"https:\/\/toniquesada.org\/ca\/wp-json\/wp\/v2\/pages\/589\/revisions\/590"}],"wp:attachment":[{"href":"https:\/\/toniquesada.org\/ca\/wp-json\/wp\/v2\/media?parent=589"}],"curies":[{"name":"wp","href":"https:\/\/api.w.org\/{rel}","templated":true}]}}