{"id":4236,"date":"2019-07-18T12:04:41","date_gmt":"2019-07-18T10:04:41","guid":{"rendered":"https:\/\/toniquesada.org\/?page_id=4236"},"modified":"2019-07-18T12:10:07","modified_gmt":"2019-07-18T10:10:07","slug":"politica-de-privacitat","status":"publish","type":"page","link":"https:\/\/toniquesada.org\/ca\/politica-de-privacitat\/","title":{"rendered":"Pol\u00edtica de privacitat"},"content":{"rendered":"<p>[vc_row][vc_column][vc_column_text]<\/p>\n<h3><strong>POL\u00cdTICA DE PRIVACITAT<\/strong><\/h3>\n<p><strong><strong>Punt Natura 7, S.L.<\/strong><\/strong>, mitjan\u00e7ant la present Pol\u00edtica de Privacitat, informa als seus USUARIS del lloc web, sobre la seva pol\u00edtica respecte al tractament i protecci\u00f3 de les dades de car\u00e0cter personal dels usuaris i clients que puguin ser recopilades per la navegaci\u00f3 o la contractaci\u00f3 de serveis a trav\u00e9s del nostre lloc web.<\/p>\n<p>En aquest sentit, <strong>Punt Natura 7, S.L.<\/strong> l\u2019informa de que les seves dades seran tractades de conformitat amb les normes vigents respecte a la pol\u00edtica de privacitat, d\u2019acord amb el que s\u2019estableix en el Reglament (UE) 2016\/679 de 27 d\u2019abril de 2016 (RGPD).<\/p>\n<p>L\u2019\u00fas d\u2019aquesta p\u00e0gina web implica l\u2019acceptaci\u00f3 d\u2019aquesta pol\u00edtica de privacitat.<\/p>\n<p><strong>Responsable del Tractament<\/strong><\/p>\n<p><strong><strong>Punt Natura 7, S.L.<\/strong> <\/strong>\u00e9s titular de la p\u00e0gina web toniquesada.org<\/p>\n<p>Domicili social: <strong>c\/ Marti i Julia, 1 i 3 &#8211; 08242 Manresa (Barcelona)<\/strong><\/p>\n<p>Tel\u00e8fon: <strong>+34 938753833<\/strong><\/p>\n<p>Correu electr\u00f2nic: <a href=\"mailto:protecciondatos@toniquesada.org\">protecciondedatos@toniquesada.org<\/a><\/p>\n<p><strong>1. Obtenci\u00f3 de les dades<\/strong><\/p>\n<p><strong>Punt Natura 7, S.L.<\/strong> informa que les dades que s\u2019obtenen a trav\u00e9s de la nostra p\u00e0gina web, els formularis de la mateixa i els rebuts per correu electr\u00f2nic, s\u00f3n aquelles que se\u2019ns faciliten volunt\u00e0riament per l\u2019usuari, les que es deriven de relacions i comunicacions amb l\u2019empresa i informaci\u00f3 que sigui leg\u00edtimament extra\u00efble de les dades que tractem.<\/p>\n<p>De la mateixa forma, tamb\u00e9 obtenim dades a trav\u00e9s de la informaci\u00f3 de tercers que ens proporcioni el propi usuari o terceres persones, previ consentiment del mateix, existint una base leg\u00edtima.<\/p>\n<p><strong>2. Finalitat de l\u2019obtenci\u00f3 i recollida de dades<\/strong><\/p>\n<p><strong>Punt Natura 7, S.L.<\/strong> tractar\u00e0 les dades que li siguin facilitades amb l\u2019objectiu d\u2019oferir-li els productes i\/o serveis que ens hagin estat contractats, gestionar les seves consultes o peticions i qualsevol altre sup\u00f2sit que sigui necessari per a complir les relacions comercials que mantingui amb nosaltres.<\/p>\n<p>Aix\u00ed mateix, tamb\u00e9 es tractaran les dades per remetre-li comunicacions comercials, sempre amb el seu consentiment previ, aix\u00ed com per analitzar h\u00e0bits de navegaci\u00f3.<\/p>\n<p>En cas de voler formar part de l\u2019equip d\u2019<strong>Punt Natura 7, S.L.<\/strong>, es tractaran les dades dels usuaris i la documentaci\u00f3 que ens sigui facilitada, amb la finalitat de valorar el perfil del\/de la candidat\/a i considerar-lo per a possibles vacants a l\u2019empresa.<\/p>\n<p><strong>3. Tractament de dades<\/strong><\/p>\n<p>3. Tractament de les dades<\/p>\n<p>\u201cDe conformitat amb el que estableix la normativa vigent en Protecci\u00f3 de Dades de Car\u00e0cter Personal, li informem que les seves dades seran incorporades al sistema de tractament titularitat de Punt Natura 7, S.L. amb CIF B63434120 i domicili social situat al c\/ Marti i Julia, 1 i 3 &#8211; 08242 Manresa (Barcelona), amb la finalitat d\u2019atendre les seves consultes i remetre-li informaci\u00f3 relacionada que pugui ser del seu inter\u00e8s.<\/p>\n<p>En compliment amb la normativa vigent, Punt Natura 7, S.L. informa que les dades seran conservades durant el termini estrictament necessari per complir amb els preceptes esmentats amb anterioritat.<\/p>\n<p>Mentrestant no ens comuniqui el contrari, entendrem que les seves dades no han sigut modificades, que vost\u00e8 es compromet a notificar-nos qualsevol variaci\u00f3 i que disposem del seu consentiment per utilitzar-les per a les finalitats esmentades.<\/p>\n<p>Punt Natura 7, S.L. informa que procedir\u00e0 a tractar les dades de manera licita, lleial, transparent, adequada, pertinent, limitada, exacta i actualitzada. Es per aix\u00f2 que Punt Natura 7, S.L. es compromet a adoptar totes les mesures raonables per a que aquestes es suprimeixin o rectifiquin sense dilaci\u00f3 quan siguin inexactes.<\/p>\n<p>Podr\u00e0 dirigir-se a l\u2019Autoritat de Control competent per presentar la reclamaci\u00f3 que consideri oportuna.<\/p>\n<p>Amb enviament del formulari de recollida de dades vost\u00e8 accepta la Pol\u00edtica de Privacitat de Punt Natura 7, S.L..<\/p>\n<p><strong>4. Comunicaci\u00f3 d\u2019informaci\u00f3 a tercers<\/strong><\/p>\n<p><strong>Punt Natura 7, S.L.<\/strong> informa als seus usuaris de que les seves dades personals no seran cedides a terceres organitzacions, amb l\u2019excepci\u00f3 de que aquesta cessi\u00f3 de dades estigui emparada en una obligaci\u00f3 legal o quan la prestaci\u00f3 d\u2019un servei impliqui la necessitat d\u2019una relaci\u00f3 contractual amb un encarregat del tractament. En aquest \u00faltim cas, nom\u00e9s es portar\u00e0 a terme la cessi\u00f3 de dades al tercer quan <strong>Punt Natura 7, S.L.<\/strong> disposi del consentiment expr\u00e9s de l\u2019usuari.<\/p>\n<p>Es possible que alguns dels nostres prove\u00efdors, per exemple Google, processin dades fora de les fronteres de la Uni\u00f3 Europea. En aquest casos, exigim al prove\u00efdor estar adscrit a un protocol d\u2019adequaci\u00f3 de protecci\u00f3 de dades aprovat per la Uni\u00f3 Europea.<\/p>\n<p><strong>5. Temps de conservaci\u00f3 de les dades<\/strong><\/p>\n<p><strong>Punt Natura 7, S.L.<\/strong> conservar\u00e0 totes les dades de l\u2019usuari fins el moment en que sol\u00b7liciti expressament la seva supressi\u00f3 o, pel contrari, fins que acabi la relaci\u00f3 empresarial que l\u2019uneix amb la nostra empresa. En aquest cas, les dades es suprimiran quan s\u2019hagin acomplert els termes legals previstos.<\/p>\n<p><strong>6. Drets dels usuaris<\/strong><\/p>\n<p>Vost\u00e8 sempre podr\u00e0 exercir els drets d\u2019acc\u00e9s, rectificaci\u00f3, supressi\u00f3, limitaci\u00f3, oposici\u00f3 i portabilitat d\u2019acord amb el previst en la normativa legal vigent en mat\u00e8ria de pol\u00edtica de privacitat.<\/p>\n<p>Per a fer \u00fas d\u2019aquest drets, haur\u00e0 de dirigir-se mitjan\u00e7ant comunicaci\u00f3 escrita, aportant documentaci\u00f3 que acrediti la seva identitat (DNI o passaport), a la seg\u00fcent adre\u00e7a:<\/p>\n<p><strong>c\/ Marti i Julia, 1 i 3 &#8211; 08242 Manresa (Barcelona)<\/strong><\/p>\n<p>o mitjan\u00e7ant correu electr\u00f2nic: <a href=\"mailto:protecciondatos@toniquesada.org\">protecciondedatos@toniquesada.org<\/a><\/p>\n<p><strong>7. Responsabilitats dels usuaris<\/strong><\/p>\n<p>L\u2019usuari es responsabilitza de que totes les dades que es facilitin i s\u2019envi\u00efn a <strong>Punt Natura 7, S.L.<\/strong> s\u00f3n ver\u00eddiques, exactes, actualitzades, vigents i aut\u00e8ntiques. Aix\u00ed mateix, tamb\u00e9 \u00e9s responsable del consentiment que es dona a l\u2019empresa per al seu tractament i utilitzaci\u00f3. De la mateixa manera, l\u2019usuari es fa responsable de les dades a tercers que ens pugui facilitar, respecte als quals est\u00e0 obligat a tenir el seu consentiment expr\u00e9s.<\/p>\n<p><strong>8. Legislaci\u00f3 i jurisdicci\u00f3<\/strong><\/p>\n<p>El fet d\u2019entrar en el lloc web i a les aplicacions de <strong>Punt Natura 7, S.L.<\/strong> implica l\u2019acceptaci\u00f3 de les condicions disposades en la present Pol\u00edtica de Privacitat. En cas de no acceptar aquestes condicions, haur\u00e0 d\u2019evitar utilitzar i visitar la nostra p\u00e0gina web.<\/p>\n<p>Tot tipus d\u2019inconvenient i controv\u00e8rsia que es pugui donar, es regir\u00e0 per la legislaci\u00f3 espanyola i es sotmetr\u00e0 als Jutjats i Tribunals de la ciutat m\u00e9s propera al domicili social d\u2019<strong>Punt Natura 7, S.L.<\/strong><\/p>\n<p><strong>M\u00c9S INFORMACI\u00d3<\/strong><\/p>\n<ul>\n<li style=\"text-align: left;\"><a href=\"https:\/\/toniquesada.org\/ca\/informacio-sobre-cookies\/\">Informaci\u00f3 sobre cookies<\/a><\/li>\n<li><a href=\"https:\/\/toniquesada.org\/ca\/avis-legal\/\">Av\u00eds legal<\/a><\/li>\n<\/ul>\n<p>[\/vc_column_text][\/vc_column][\/vc_row][vc_row][vc_column]<div id=\"ult-carousel-212821522869f299d6b6d24\" class=\"ult-carousel-wrapper   ult_horizontal\" data-gutter=\"15\" data-rtl=\"false\" ><div class=\"ult-carousel-61157707069f299d6b6c6e \" ><\/div><\/div>            <script type=\"text\/javascript\">\r\n\t\t\t\tjQuery(document).ready(function($){\r\n               \t\t$('.ult-carousel-61157707069f299d6b6c6e').slick({dots: true,autoplay: true,autoplaySpeed: 5000,speed: 300,infinite: true,arrows: true,nextArrow: '<button type=\"button\" style=\"color:#333333; font-size:20px;\" class=\"slick-next default\"><i class=\"ultsl-arrow-right4\"><\/i><\/button>',prevArrow: '<button type=\"button\" style=\"color:#333333; font-size:20px;\" class=\"slick-prev default\"><i class=\"ultsl-arrow-left4\"><\/i><\/button>',slidesToScroll:5,slidesToShow:5,swipe: true,draggable: true,touchMove: true,responsive: [\r\n\t\t\t\t\t\t\t{\r\n\t\t\t\t\t\t\t  breakpoint: 1025,\r\n\t\t\t\t\t\t\t  settings: {\r\n\t\t\t\t\t\t\t\tslidesToShow: 5,\r\n\t\t\t\t\t\t\t\tslidesToScroll: 5,  \r\n\t\t\t\t\t\t\t  }\r\n\t\t\t\t\t\t\t},\r\n\t\t\t\t\t\t\t{\r\n\t\t\t\t\t\t\t  breakpoint: 769,\r\n\t\t\t\t\t\t\t  settings: {\r\n\t\t\t\t\t\t\t\tslidesToShow: 3,\r\n\t\t\t\t\t\t\t\tslidesToScroll: 3\r\n\t\t\t\t\t\t\t  }\r\n\t\t\t\t\t\t\t},\r\n\t\t\t\t\t\t\t{\r\n\t\t\t\t\t\t\t  breakpoint: 481,\r\n\t\t\t\t\t\t\t  settings: {\r\n\t\t\t\t\t\t\t\tslidesToShow: 2,\r\n\t\t\t\t\t\t\t\tslidesToScroll: 2\r\n\t\t\t\t\t\t\t  }\r\n\t\t\t\t\t\t\t}\r\n\t\t\t\t\t\t],pauseOnHover: true,\r\n\t\t\t\t\t\tpauseOnDotsHover: true,customPaging: function(slider, i) {\r\n                   return '<i type=\"button\" style=\"color:#333333;\" class=\"ultsl-record\" data-role=\"none\"><\/i>';\r\n                },});\r\n\t\t\t\t});\r\n\t\t\t<\/script>\r\n            [\/vc_column][\/vc_row]<\/p>\n","protected":false},"excerpt":{"rendered":"<p>[vc_row][vc_column][vc_column_text] POL\u00cdTICA DE PRIVACITAT Punt Natura 7, S.L., mitjan\u00e7ant la present Pol\u00edtica de Privacitat, informa als seus USUARIS del lloc web, sobre la seva pol\u00edtica respecte al tractament i protecci\u00f3 de les dades de car\u00e0cter personal dels usuaris i clients que puguin ser recopilades per la navegaci\u00f3 o la contractaci\u00f3 de serveis a trav\u00e9s del&hellip;<\/p>\n","protected":false},"author":1,"featured_media":0,"parent":0,"menu_order":0,"comment_status":"closed","ping_status":"closed","template":"","meta":[],"_links":{"self":[{"href":"https:\/\/toniquesada.org\/ca\/wp-json\/wp\/v2\/pages\/4236"}],"collection":[{"href":"https:\/\/toniquesada.org\/ca\/wp-json\/wp\/v2\/pages"}],"about":[{"href":"https:\/\/toniquesada.org\/ca\/wp-json\/wp\/v2\/types\/page"}],"author":[{"embeddable":true,"href":"https:\/\/toniquesada.org\/ca\/wp-json\/wp\/v2\/users\/1"}],"replies":[{"embeddable":true,"href":"https:\/\/toniquesada.org\/ca\/wp-json\/wp\/v2\/comments?post=4236"}],"version-history":[{"count":5,"href":"https:\/\/toniquesada.org\/ca\/wp-json\/wp\/v2\/pages\/4236\/revisions"}],"predecessor-version":[{"id":4244,"href":"https:\/\/toniquesada.org\/ca\/wp-json\/wp\/v2\/pages\/4236\/revisions\/4244"}],"wp:attachment":[{"href":"https:\/\/toniquesada.org\/ca\/wp-json\/wp\/v2\/media?parent=4236"}],"curies":[{"name":"wp","href":"https:\/\/api.w.org\/{rel}","templated":true}]}}